{"id":9263,"date":"2024-05-17T11:36:03","date_gmt":"2024-05-17T09:36:03","guid":{"rendered":"https:\/\/valaisfilmcommission.ch\/?page_id=9263"},"modified":"2024-05-17T12:03:37","modified_gmt":"2024-05-17T10:03:37","slug":"filmer-par-drone","status":"publish","type":"page","link":"https:\/\/valaisfilmcommission.ch\/fr\/filmer-par-drone\/","title":{"rendered":"Filmer par drone"},"content":{"rendered":"\t\t<div data-elementor-type=\"wp-page\" data-elementor-id=\"9263\" class=\"elementor elementor-9263\" data-elementor-post-type=\"page\">\n\t\t\t\t<div class=\"elementor-element elementor-element-50dc4b9 e-flex e-con-boxed e-con e-parent\" data-id=\"50dc4b9\" data-element_type=\"container\" data-e-type=\"container\">\n\t\t\t\t\t<div class=\"e-con-inner\">\n\t\t\t\t<div class=\"elementor-element elementor-element-2e02bd4 elementor-widget elementor-widget-heading\" data-id=\"2e02bd4\" data-element_type=\"widget\" data-e-type=\"widget\" data-widget_type=\"heading.default\">\n\t\t\t\t<div class=\"elementor-widget-container\">\n\t\t\t\t\t<h2 class=\"elementor-heading-title elementor-size-default\">Filmer par drone en Valais<\/h2>\t\t\t\t<\/div>\n\t\t\t\t<\/div>\n\t\t\t\t\t<\/div>\n\t\t\t\t<\/div>\n\t\t<div class=\"elementor-element elementor-element-b1c510d e-flex e-con-boxed e-con e-parent\" data-id=\"b1c510d\" data-element_type=\"container\" data-e-type=\"container\">\n\t\t\t\t\t<div class=\"e-con-inner\">\n\t\t<div class=\"elementor-element elementor-element-f85f5de e-con-full e-flex e-con e-child\" data-id=\"f85f5de\" data-element_type=\"container\" data-e-type=\"container\">\n\t\t\t\t<div class=\"elementor-element elementor-element-6fd34db elementor-widget elementor-widget-text-editor\" data-id=\"6fd34db\" data-element_type=\"widget\" data-e-type=\"widget\" data-widget_type=\"text-editor.default\">\n\t\t\t\t<div class=\"elementor-widget-container\">\n\t\t\t\t\t\t\t\t\t<p>La r\u00e9glementation de l&rsquo;UE (Union Europ\u00e9enne) fait foi.<\/p><p>Retrouvez toutes les informations sur le site de l&rsquo;<a href=\"https:\/\/www.bazl.admin.ch\/bazl\/fr\/home\/drohnen.html\" target=\"_blank\" rel=\"noopener\">Office f\u00e9d\u00e9ral de l&rsquo;aviation civile OFAC.<\/a><\/p><p><a href=\"https:\/\/map.geo.admin.ch\/?layers=ch.bazl.einschraenkungen-drohnen&amp;lang=fr\" target=\"_blank\" rel=\"noopener\">Carte des zones de restrictions de vols<\/a><\/p><p>Nous vous conseillons de faire appel aux op\u00e9rateurs de drones locaux. Une liste est disponible dans notre registre des <a href=\"https:\/\/valaisfilmcommission.ch\/fr\/services-prestataires\/\">services et prestataires<\/a>.<\/p>\t\t\t\t\t\t\t\t<\/div>\n\t\t\t\t<\/div>\n\t\t\t\t<\/div>\n\t\t<div class=\"elementor-element elementor-element-0d65aa8 e-con-full e-flex e-con e-child\" data-id=\"0d65aa8\" data-element_type=\"container\" data-e-type=\"container\">\n\t\t\t\t<div class=\"elementor-element elementor-element-f028a74 elementor-widget elementor-widget-image\" data-id=\"f028a74\" data-element_type=\"widget\" data-e-type=\"widget\" data-widget_type=\"image.default\">\n\t\t\t\t<div class=\"elementor-widget-container\">\n\t\t\t\t\t\t\t\t\t\t\t\t\t\t\t<img decoding=\"async\" src=\"https:\/\/valaisfilmcommission.ch\/wp-content\/uploads\/elementor\/thumbs\/Unknown-scaled-qmw7nq2tulemuofqsz5pojhyvt3toxi0xy0y47supc.jpg\" title=\"Unknown\" alt=\"Filmer par drone en Valais\" loading=\"lazy\" \/>\t\t\t\t\t\t\t\t\t\t\t\t\t\t\t<\/div>\n\t\t\t\t<\/div>\n\t\t\t\t<\/div>\n\t\t\t\t\t<\/div>\n\t\t\t\t<\/div>\n\t\t\t\t<\/div>\n\t\t","protected":false},"excerpt":{"rendered":"<p>Filmer par drone en Valais La r\u00e9glementation de l&rsquo;UE (Union Europ\u00e9enne) fait foi. Retrouvez toutes les informations sur le site de l&rsquo;Office f\u00e9d\u00e9ral de l&rsquo;aviation civile OFAC. Carte des zones de restrictions de vols Nous vous conseillons de faire appel aux op\u00e9rateurs de drones locaux. Une liste est disponible dans notre registre des services et [&hellip;]<\/p>\n","protected":false},"author":14,"featured_media":0,"parent":0,"menu_order":0,"comment_status":"closed","ping_status":"closed","template":"","meta":{"_acf_changed":false,"footnotes":""},"class_list":["post-9263","page","type-page","status-publish","hentry"],"acf":[],"yoast_head":"<!-- This site is optimized with the Yoast SEO plugin v27.3 - https:\/\/yoast.com\/product\/yoast-seo-wordpress\/ -->\n<title>Filmer par drone &#8211; Valais Film Commission<\/title>\n<meta name=\"description\" content=\"Retrouvez les r\u00e9glementations en vigueur afin de filmer par drone en Valais pour votre production audiovisuelle.\" \/>\n<meta name=\"robots\" content=\"index, follow, max-snippet:-1, max-image-preview:large, max-video-preview:-1\" \/>\n<link rel=\"canonical\" href=\"https:\/\/valaisfilmcommission.ch\/fr\/filmer-par-drone\/\" \/>\n<meta property=\"og:locale\" content=\"fr_FR\" \/>\n<meta property=\"og:type\" content=\"article\" \/>\n<meta property=\"og:title\" content=\"Filmer par drone &#8211; Valais Film Commission\" \/>\n<meta property=\"og:description\" content=\"Retrouvez les r\u00e9glementations en vigueur afin de filmer par drone en Valais pour votre production audiovisuelle.\" \/>\n<meta property=\"og:url\" content=\"https:\/\/valaisfilmcommission.ch\/fr\/filmer-par-drone\/\" \/>\n<meta property=\"og:site_name\" content=\"Valais Film Commission\" \/>\n<meta property=\"article:modified_time\" content=\"2024-05-17T10:03:37+00:00\" \/>\n<meta property=\"og:image\" content=\"https:\/\/valaisfilmcommission.ch\/wp-content\/uploads\/elementor\/thumbs\/Unknown-scaled-qmw7nq2tulemuofqsz5pojhyvt3toxi0xy0y47supc.jpg\" \/>\n<meta name=\"twitter:card\" content=\"summary_large_image\" \/>\n<meta name=\"twitter:site\" content=\"@ValaisFilmCom\" \/>\n<meta name=\"twitter:label1\" content=\"Dur\u00e9e de lecture estim\u00e9e\" \/>\n\t<meta name=\"twitter:data1\" content=\"1 minute\" \/>\n<script type=\"application\/ld+json\" class=\"yoast-schema-graph\">{\"@context\":\"https:\\\/\\\/schema.org\",\"@graph\":[{\"@type\":\"WebPage\",\"@id\":\"https:\\\/\\\/valaisfilmcommission.ch\\\/fr\\\/filmer-par-drone\\\/\",\"url\":\"https:\\\/\\\/valaisfilmcommission.ch\\\/fr\\\/filmer-par-drone\\\/\",\"name\":\"Filmer par drone &#8211; Valais Film Commission\",\"isPartOf\":{\"@id\":\"https:\\\/\\\/valaisfilmcommission.ch\\\/fr\\\/#website\"},\"primaryImageOfPage\":{\"@id\":\"https:\\\/\\\/valaisfilmcommission.ch\\\/fr\\\/filmer-par-drone\\\/#primaryimage\"},\"image\":{\"@id\":\"https:\\\/\\\/valaisfilmcommission.ch\\\/fr\\\/filmer-par-drone\\\/#primaryimage\"},\"thumbnailUrl\":\"https:\\\/\\\/valaisfilmcommission.ch\\\/wp-content\\\/uploads\\\/elementor\\\/thumbs\\\/Unknown-scaled-qmw7nq2tulemuofqsz5pojhyvt3toxi0xy0y47supc.jpg\",\"datePublished\":\"2024-05-17T09:36:03+00:00\",\"dateModified\":\"2024-05-17T10:03:37+00:00\",\"description\":\"Retrouvez les r\u00e9glementations en vigueur afin de filmer par drone en Valais pour votre production audiovisuelle.\",\"breadcrumb\":{\"@id\":\"https:\\\/\\\/valaisfilmcommission.ch\\\/fr\\\/filmer-par-drone\\\/#breadcrumb\"},\"inLanguage\":\"fr-FR\",\"potentialAction\":[{\"@type\":\"ReadAction\",\"target\":[\"https:\\\/\\\/valaisfilmcommission.ch\\\/fr\\\/filmer-par-drone\\\/\"]}]},{\"@type\":\"ImageObject\",\"inLanguage\":\"fr-FR\",\"@id\":\"https:\\\/\\\/valaisfilmcommission.ch\\\/fr\\\/filmer-par-drone\\\/#primaryimage\",\"url\":\"https:\\\/\\\/valaisfilmcommission.ch\\\/wp-content\\\/uploads\\\/elementor\\\/thumbs\\\/Unknown-scaled-qmw7nq2tulemuofqsz5pojhyvt3toxi0xy0y47supc.jpg\",\"contentUrl\":\"https:\\\/\\\/valaisfilmcommission.ch\\\/wp-content\\\/uploads\\\/elementor\\\/thumbs\\\/Unknown-scaled-qmw7nq2tulemuofqsz5pojhyvt3toxi0xy0y47supc.jpg\"},{\"@type\":\"BreadcrumbList\",\"@id\":\"https:\\\/\\\/valaisfilmcommission.ch\\\/fr\\\/filmer-par-drone\\\/#breadcrumb\",\"itemListElement\":[{\"@type\":\"ListItem\",\"position\":1,\"name\":\"Home\",\"item\":\"https:\\\/\\\/valaisfilmcommission.ch\\\/fr\\\/\"},{\"@type\":\"ListItem\",\"position\":2,\"name\":\"Filmer par drone\"}]},{\"@type\":\"WebSite\",\"@id\":\"https:\\\/\\\/valaisfilmcommission.ch\\\/fr\\\/#website\",\"url\":\"https:\\\/\\\/valaisfilmcommission.ch\\\/fr\\\/\",\"name\":\"Valais Film Commission\",\"description\":\"Soutien de l&#039;audiovisuel en Valais\",\"publisher\":{\"@id\":\"https:\\\/\\\/valaisfilmcommission.ch\\\/fr\\\/#organization\"},\"potentialAction\":[{\"@type\":\"SearchAction\",\"target\":{\"@type\":\"EntryPoint\",\"urlTemplate\":\"https:\\\/\\\/valaisfilmcommission.ch\\\/fr\\\/?s={search_term_string}\"},\"query-input\":{\"@type\":\"PropertyValueSpecification\",\"valueRequired\":true,\"valueName\":\"search_term_string\"}}],\"inLanguage\":\"fr-FR\"},{\"@type\":\"Organization\",\"@id\":\"https:\\\/\\\/valaisfilmcommission.ch\\\/fr\\\/#organization\",\"name\":\"Valais Film Commission\",\"url\":\"https:\\\/\\\/valaisfilmcommission.ch\\\/fr\\\/\",\"logo\":{\"@type\":\"ImageObject\",\"inLanguage\":\"fr-FR\",\"@id\":\"https:\\\/\\\/valaisfilmcommission.ch\\\/fr\\\/#\\\/schema\\\/logo\\\/image\\\/\",\"url\":\"https:\\\/\\\/valaisfilmcommission.ch\\\/wp-content\\\/uploads\\\/2020\\\/07\\\/Valais_FR.svg\",\"contentUrl\":\"https:\\\/\\\/valaisfilmcommission.ch\\\/wp-content\\\/uploads\\\/2020\\\/07\\\/Valais_FR.svg\",\"width\":1,\"height\":1,\"caption\":\"Valais Film Commission\"},\"image\":{\"@id\":\"https:\\\/\\\/valaisfilmcommission.ch\\\/fr\\\/#\\\/schema\\\/logo\\\/image\\\/\"},\"sameAs\":[\"https:\\\/\\\/x.com\\\/ValaisFilmCom\",\"https:\\\/\\\/www.instagram.com\\\/valaisfilmcommission\\\/\"]}]}<\/script>\n<!-- \/ Yoast SEO plugin. -->","yoast_head_json":{"title":"Filmer par drone &#8211; Valais Film Commission","description":"Retrouvez les r\u00e9glementations en vigueur afin de filmer par drone en Valais pour votre production audiovisuelle.","robots":{"index":"index","follow":"follow","max-snippet":"max-snippet:-1","max-image-preview":"max-image-preview:large","max-video-preview":"max-video-preview:-1"},"canonical":"https:\/\/valaisfilmcommission.ch\/fr\/filmer-par-drone\/","og_locale":"fr_FR","og_type":"article","og_title":"Filmer par drone &#8211; Valais Film Commission","og_description":"Retrouvez les r\u00e9glementations en vigueur afin de filmer par drone en Valais pour votre production audiovisuelle.","og_url":"https:\/\/valaisfilmcommission.ch\/fr\/filmer-par-drone\/","og_site_name":"Valais Film Commission","article_modified_time":"2024-05-17T10:03:37+00:00","og_image":[{"url":"https:\/\/valaisfilmcommission.ch\/wp-content\/uploads\/elementor\/thumbs\/Unknown-scaled-qmw7nq2tulemuofqsz5pojhyvt3toxi0xy0y47supc.jpg","type":"","width":"","height":""}],"twitter_card":"summary_large_image","twitter_site":"@ValaisFilmCom","twitter_misc":{"Dur\u00e9e de lecture estim\u00e9e":"1 minute"},"schema":{"@context":"https:\/\/schema.org","@graph":[{"@type":"WebPage","@id":"https:\/\/valaisfilmcommission.ch\/fr\/filmer-par-drone\/","url":"https:\/\/valaisfilmcommission.ch\/fr\/filmer-par-drone\/","name":"Filmer par drone &#8211; Valais Film Commission","isPartOf":{"@id":"https:\/\/valaisfilmcommission.ch\/fr\/#website"},"primaryImageOfPage":{"@id":"https:\/\/valaisfilmcommission.ch\/fr\/filmer-par-drone\/#primaryimage"},"image":{"@id":"https:\/\/valaisfilmcommission.ch\/fr\/filmer-par-drone\/#primaryimage"},"thumbnailUrl":"https:\/\/valaisfilmcommission.ch\/wp-content\/uploads\/elementor\/thumbs\/Unknown-scaled-qmw7nq2tulemuofqsz5pojhyvt3toxi0xy0y47supc.jpg","datePublished":"2024-05-17T09:36:03+00:00","dateModified":"2024-05-17T10:03:37+00:00","description":"Retrouvez les r\u00e9glementations en vigueur afin de filmer par drone en Valais pour votre production audiovisuelle.","breadcrumb":{"@id":"https:\/\/valaisfilmcommission.ch\/fr\/filmer-par-drone\/#breadcrumb"},"inLanguage":"fr-FR","potentialAction":[{"@type":"ReadAction","target":["https:\/\/valaisfilmcommission.ch\/fr\/filmer-par-drone\/"]}]},{"@type":"ImageObject","inLanguage":"fr-FR","@id":"https:\/\/valaisfilmcommission.ch\/fr\/filmer-par-drone\/#primaryimage","url":"https:\/\/valaisfilmcommission.ch\/wp-content\/uploads\/elementor\/thumbs\/Unknown-scaled-qmw7nq2tulemuofqsz5pojhyvt3toxi0xy0y47supc.jpg","contentUrl":"https:\/\/valaisfilmcommission.ch\/wp-content\/uploads\/elementor\/thumbs\/Unknown-scaled-qmw7nq2tulemuofqsz5pojhyvt3toxi0xy0y47supc.jpg"},{"@type":"BreadcrumbList","@id":"https:\/\/valaisfilmcommission.ch\/fr\/filmer-par-drone\/#breadcrumb","itemListElement":[{"@type":"ListItem","position":1,"name":"Home","item":"https:\/\/valaisfilmcommission.ch\/fr\/"},{"@type":"ListItem","position":2,"name":"Filmer par drone"}]},{"@type":"WebSite","@id":"https:\/\/valaisfilmcommission.ch\/fr\/#website","url":"https:\/\/valaisfilmcommission.ch\/fr\/","name":"Valais Film Commission","description":"Soutien de l&#039;audiovisuel en Valais","publisher":{"@id":"https:\/\/valaisfilmcommission.ch\/fr\/#organization"},"potentialAction":[{"@type":"SearchAction","target":{"@type":"EntryPoint","urlTemplate":"https:\/\/valaisfilmcommission.ch\/fr\/?s={search_term_string}"},"query-input":{"@type":"PropertyValueSpecification","valueRequired":true,"valueName":"search_term_string"}}],"inLanguage":"fr-FR"},{"@type":"Organization","@id":"https:\/\/valaisfilmcommission.ch\/fr\/#organization","name":"Valais Film Commission","url":"https:\/\/valaisfilmcommission.ch\/fr\/","logo":{"@type":"ImageObject","inLanguage":"fr-FR","@id":"https:\/\/valaisfilmcommission.ch\/fr\/#\/schema\/logo\/image\/","url":"https:\/\/valaisfilmcommission.ch\/wp-content\/uploads\/2020\/07\/Valais_FR.svg","contentUrl":"https:\/\/valaisfilmcommission.ch\/wp-content\/uploads\/2020\/07\/Valais_FR.svg","width":1,"height":1,"caption":"Valais Film Commission"},"image":{"@id":"https:\/\/valaisfilmcommission.ch\/fr\/#\/schema\/logo\/image\/"},"sameAs":["https:\/\/x.com\/ValaisFilmCom","https:\/\/www.instagram.com\/valaisfilmcommission\/"]}]}},"_links":{"self":[{"href":"https:\/\/valaisfilmcommission.ch\/fr\/wp-json\/wp\/v2\/pages\/9263","targetHints":{"allow":["GET"]}}],"collection":[{"href":"https:\/\/valaisfilmcommission.ch\/fr\/wp-json\/wp\/v2\/pages"}],"about":[{"href":"https:\/\/valaisfilmcommission.ch\/fr\/wp-json\/wp\/v2\/types\/page"}],"author":[{"embeddable":true,"href":"https:\/\/valaisfilmcommission.ch\/fr\/wp-json\/wp\/v2\/users\/14"}],"replies":[{"embeddable":true,"href":"https:\/\/valaisfilmcommission.ch\/fr\/wp-json\/wp\/v2\/comments?post=9263"}],"version-history":[{"count":23,"href":"https:\/\/valaisfilmcommission.ch\/fr\/wp-json\/wp\/v2\/pages\/9263\/revisions"}],"predecessor-version":[{"id":9750,"href":"https:\/\/valaisfilmcommission.ch\/fr\/wp-json\/wp\/v2\/pages\/9263\/revisions\/9750"}],"wp:attachment":[{"href":"https:\/\/valaisfilmcommission.ch\/fr\/wp-json\/wp\/v2\/media?parent=9263"}],"curies":[{"name":"wp","href":"https:\/\/api.w.org\/{rel}","templated":true}]}}