{"id":9010,"date":"2024-05-03T13:48:01","date_gmt":"2024-05-03T11:48:01","guid":{"rendered":"https:\/\/valaisfilmcommission.ch\/?page_id=9010"},"modified":"2024-05-03T13:51:34","modified_gmt":"2024-05-03T11:51:34","slug":"pourquoi-filmer-en-valais","status":"publish","type":"page","link":"https:\/\/valaisfilmcommission.ch\/fr\/pourquoi-filmer-en-valais\/","title":{"rendered":"Pourquoi filmer en Valais ?"},"content":{"rendered":"\t\t<div data-elementor-type=\"wp-page\" data-elementor-id=\"9010\" class=\"elementor elementor-9010\" data-elementor-post-type=\"page\">\n\t\t\t\t<div class=\"elementor-element elementor-element-67a221b e-flex e-con-boxed e-con e-parent\" data-id=\"67a221b\" data-element_type=\"container\" data-e-type=\"container\">\n\t\t\t\t\t<div class=\"e-con-inner\">\n\t\t\t\t<div class=\"elementor-element elementor-element-4321409 elementor-widget elementor-widget-heading\" data-id=\"4321409\" data-element_type=\"widget\" data-e-type=\"widget\" data-widget_type=\"heading.default\">\n\t\t\t\t<div class=\"elementor-widget-container\">\n\t\t\t\t\t<h2 class=\"elementor-heading-title elementor-size-default\">Pourquoi filmer en Valais ?<\/h2>\t\t\t\t<\/div>\n\t\t\t\t<\/div>\n\t\t\t\t<div class=\"elementor-element elementor-element-d28f64b elementor-widget elementor-widget-text-editor\" data-id=\"d28f64b\" data-element_type=\"widget\" data-e-type=\"widget\" data-widget_type=\"text-editor.default\">\n\t\t\t\t<div class=\"elementor-widget-container\">\n\t\t\t\t\t\t\t\t\t<p>Le Valais offre une immense diversit\u00e9 tant au niveau des paysages que des infrastructures. Du sommet des montagnes \u00e0 plus de 4&rsquo;000 m\u00e8tres d&rsquo;altitude, jusqu&rsquo;\u00e0 la plaine et ses temp\u00e9ratures m\u00e9diterran\u00e9ennes. Du vieux chalet en bois massif aux luxueux h\u00f4tels ou encore de la froideur des glaciers \u00e0 la chaleur des arbres fruitiers. Peu importe ce que vous cherchez, vous le trouverez ici en Valais. Filmer en Valais offre une exp\u00e9rience unique, une stabilit\u00e9 et un confort qui vous donnera envie d&rsquo;y retourner.\u00a0<\/p>\t\t\t\t\t\t\t\t<\/div>\n\t\t\t\t<\/div>\n\t\t\t\t<div class=\"elementor-element elementor-element-481f350 elementor-widget elementor-widget-heading\" data-id=\"481f350\" data-element_type=\"widget\" data-e-type=\"widget\" data-widget_type=\"heading.default\">\n\t\t\t\t<div class=\"elementor-widget-container\">\n\t\t\t\t\t<h2 class=\"elementor-heading-title elementor-size-default\">Le Valais en bref<\/h2>\t\t\t\t<\/div>\n\t\t\t\t<\/div>\n\t\t\t\t\t<\/div>\n\t\t\t\t<\/div>\n\t\t<div class=\"elementor-element elementor-element-64f8de3 e-flex e-con-boxed e-con e-parent\" data-id=\"64f8de3\" data-element_type=\"container\" data-e-type=\"container\">\n\t\t\t\t\t<div class=\"e-con-inner\">\n\t\t<div class=\"elementor-element elementor-element-41c49bd e-con-full e-flex e-con e-child\" data-id=\"41c49bd\" data-element_type=\"container\" data-e-type=\"container\">\n\t\t\t\t<div class=\"elementor-element elementor-element-7d5cacf elementor-widget__width-initial elementor-widget elementor-widget-text-editor\" data-id=\"7d5cacf\" data-element_type=\"widget\" data-e-type=\"widget\" data-widget_type=\"text-editor.default\">\n\t\t\t\t<div class=\"elementor-widget-container\">\n\t\t\t\t\t\t\t\t\t<p><img decoding=\"async\" class=\"alignnone wp-image-9013\" src=\"https:\/\/valaisfilmcommission.ch\/wp-content\/uploads\/2024\/04\/Icon-soleil.png\" alt=\"\" width=\"40\" height=\"40\" \/><\/p><p>M\u00e9t\u00e9o : 300 jours de soleil par an en moyenne<\/p><p><img decoding=\"async\" class=\"alignnone wp-image-9016\" src=\"https:\/\/valaisfilmcommission.ch\/wp-content\/uploads\/2024\/04\/Icon-gens.png\" alt=\"\" width=\"40\" height=\"40\" \/><\/p><p>Population : &gt;350&rsquo;000 habitants (chiffres de 2023)<\/p><p><img decoding=\"async\" class=\"alignnone wp-image-9019\" src=\"https:\/\/valaisfilmcommission.ch\/wp-content\/uploads\/2024\/04\/Icon-terrain.png\" alt=\"\" width=\"40\" height=\"40\" \/><\/p><p>Superficie : 5&rsquo;224 km2<\/p><p><img loading=\"lazy\" decoding=\"async\" class=\"alignnone wp-image-9037\" src=\"https:\/\/valaisfilmcommission.ch\/wp-content\/uploads\/2024\/04\/Icon-argent.png\" alt=\"\" width=\"40\" height=\"40\" \/><\/p><p>Monnaie : Franc Suisse (CHF)<\/p><p>TVA : 8,1%<\/p><p><img loading=\"lazy\" decoding=\"async\" class=\"alignnone wp-image-9222\" src=\"https:\/\/valaisfilmcommission.ch\/wp-content\/uploads\/2024\/04\/2019_icon_PNG_M_mask_\u00a9Valais_Wallis-Promotion.png\" alt=\"\" width=\"40\" height=\"40\" \/><\/p><p>Langues : Fran\u00e7ais et allemand<\/p>\t\t\t\t\t\t\t\t<\/div>\n\t\t\t\t<\/div>\n\t\t\t\t<\/div>\n\t\t<div class=\"elementor-element elementor-element-0dfde05 e-con-full e-flex e-con e-child\" data-id=\"0dfde05\" data-element_type=\"container\" data-e-type=\"container\">\n\t\t\t\t<div class=\"elementor-element elementor-element-c5210a5 elementor-widget elementor-widget-image\" data-id=\"c5210a5\" data-element_type=\"widget\" data-e-type=\"widget\" data-widget_type=\"image.default\">\n\t\t\t\t<div class=\"elementor-widget-container\">\n\t\t\t\t\t\t\t\t\t\t\t\t\t\t\t\t<a href=\"https:\/\/www.google.com\/maps\/place\/Valais\/\" target=\"_blank\" rel=\"nofollow\">\n\t\t\t\t\t\t\t<img loading=\"lazy\" decoding=\"async\" width=\"750\" height=\"865\" src=\"https:\/\/valaisfilmcommission.ch\/wp-content\/uploads\/2024\/04\/Carte-Valais-Europe.jpg\" class=\"attachment-large size-large wp-image-9240\" alt=\"Carte situation du Valais\" srcset=\"https:\/\/valaisfilmcommission.ch\/wp-content\/uploads\/2024\/04\/Carte-Valais-Europe.jpg 750w, https:\/\/valaisfilmcommission.ch\/wp-content\/uploads\/2024\/04\/Carte-Valais-Europe-260x300.jpg 260w\" sizes=\"(max-width: 750px) 100vw, 750px\" \/>\t\t\t\t\t\t\t\t<\/a>\n\t\t\t\t\t\t\t\t\t\t\t\t\t\t\t<\/div>\n\t\t\t\t<\/div>\n\t\t\t\t<\/div>\n\t\t\t\t\t<\/div>\n\t\t\t\t<\/div>\n\t\t<div class=\"elementor-element elementor-element-b073a40 e-flex e-con-boxed e-con e-parent\" data-id=\"b073a40\" data-element_type=\"container\" data-e-type=\"container\">\n\t\t\t\t\t<div class=\"e-con-inner\">\n\t\t\t\t<div class=\"elementor-element elementor-element-9204605 elementor-widget elementor-widget-heading\" data-id=\"9204605\" data-element_type=\"widget\" data-e-type=\"widget\" data-widget_type=\"heading.default\">\n\t\t\t\t<div class=\"elementor-widget-container\">\n\t\t\t\t\t<h2 class=\"elementor-heading-title elementor-size-default\">10 raisons de filmer en Valais<\/h2>\t\t\t\t<\/div>\n\t\t\t\t<\/div>\n\t\t\t\t\t<\/div>\n\t\t\t\t<\/div>\n\t\t<div class=\"elementor-element elementor-element-e591f4f e-flex e-con-boxed e-con e-parent\" data-id=\"e591f4f\" data-element_type=\"container\" data-e-type=\"container\">\n\t\t\t\t\t<div class=\"e-con-inner\">\n\t\t\t\t<div class=\"elementor-element elementor-element-7a61f28 elementor-widget elementor-widget-text-editor\" data-id=\"7a61f28\" data-element_type=\"widget\" data-e-type=\"widget\" data-widget_type=\"text-editor.default\">\n\t\t\t\t<div class=\"elementor-widget-container\">\n\t\t\t\t\t\t\t\t\t<ol><li>La diversit\u00e9 des\u00a0<a href=\"https:\/\/valaisfilmcommission.ch\/fr\/inventaire-des-decors\/\" target=\"_blank\" rel=\"noopener\">d\u00e9cors<\/a><\/li><li>La stabilit\u00e9 politique et g\u00e9opolitique<\/li><li>Le service de facilitation (demande d&rsquo;autorisation, scouting, recherche de main-d&rsquo;oeuvre, &#8230;)<\/li><li>300 jours de soleil par an<\/li><li>Une incitation \u00e9conomique (<a href=\"https:\/\/valaisfilmcommission.ch\/fr\/financements-pour-votre-film-cash-rebate\/\" target=\"_blank\" rel=\"noopener\">Cash Rebate<\/a>)<\/li><li>Une main-d&rsquo;oeuvre locale comp\u00e9tente et qualifi\u00e9e<\/li><li>Un soutien de A \u00e0 Z par la Valais Film Commission<\/li><li>Une qualit\u00e9 de vie en dehors du tournage<\/li><li>Une accessibilit\u00e9 simple et rapide (\u00e0 2h30 de Milan et Zurich et 2h de Gen\u00e8ve)<\/li><li>Le Valais. Une terre de tournage.<\/li><\/ol>\t\t\t\t\t\t\t\t<\/div>\n\t\t\t\t<\/div>\n\t\t\t\t\t<\/div>\n\t\t\t\t<\/div>\n\t\t\t\t<\/div>\n\t\t","protected":false},"excerpt":{"rendered":"<p>Pourquoi filmer en Valais ? Le Valais offre une immense diversit\u00e9 tant au niveau des paysages que des infrastructures. Du sommet des montagnes \u00e0 plus de 4&rsquo;000 m\u00e8tres d&rsquo;altitude, jusqu&rsquo;\u00e0 la plaine et ses temp\u00e9ratures m\u00e9diterran\u00e9ennes. Du vieux chalet en bois massif aux luxueux h\u00f4tels ou encore de la froideur des glaciers \u00e0 la chaleur [&hellip;]<\/p>\n","protected":false},"author":14,"featured_media":0,"parent":0,"menu_order":0,"comment_status":"closed","ping_status":"closed","template":"","meta":{"_acf_changed":false,"footnotes":""},"class_list":["post-9010","page","type-page","status-publish","hentry"],"acf":[],"yoast_head":"<!-- This site is optimized with the Yoast SEO plugin v27.4 - https:\/\/yoast.com\/product\/yoast-seo-wordpress\/ -->\n<title>Pourquoi filmer en Valais ? &#8211; Valais Film Commission<\/title>\n<meta name=\"description\" content=\"Filmer en Valais comporte de nombreux avantages. D\u00e9couvrez les caract\u00e9ristiques de la r\u00e9gions afin d&#039;avoir un aper\u00e7u du Valais.\" \/>\n<meta name=\"robots\" content=\"index, follow, max-snippet:-1, max-image-preview:large, max-video-preview:-1\" \/>\n<link rel=\"canonical\" href=\"https:\/\/valaisfilmcommission.ch\/fr\/pourquoi-filmer-en-valais\/\" \/>\n<meta property=\"og:locale\" content=\"fr_FR\" \/>\n<meta property=\"og:type\" content=\"article\" \/>\n<meta property=\"og:title\" content=\"Pourquoi filmer en Valais ? &#8211; Valais Film Commission\" \/>\n<meta property=\"og:description\" content=\"Filmer en Valais comporte de nombreux avantages. D\u00e9couvrez les caract\u00e9ristiques de la r\u00e9gions afin d&#039;avoir un aper\u00e7u du Valais.\" \/>\n<meta property=\"og:url\" content=\"https:\/\/valaisfilmcommission.ch\/fr\/pourquoi-filmer-en-valais\/\" \/>\n<meta property=\"og:site_name\" content=\"Valais Film Commission\" \/>\n<meta property=\"article:modified_time\" content=\"2024-05-03T11:51:34+00:00\" \/>\n<meta property=\"og:image\" content=\"https:\/\/valaisfilmcommission.ch\/wp-content\/uploads\/2024\/04\/Icon-soleil.png\" \/>\n<meta name=\"twitter:card\" content=\"summary_large_image\" \/>\n<meta name=\"twitter:site\" content=\"@ValaisFilmCom\" \/>\n<meta name=\"twitter:label1\" content=\"Dur\u00e9e de lecture estim\u00e9e\" \/>\n\t<meta name=\"twitter:data1\" content=\"3 minutes\" \/>\n<script type=\"application\/ld+json\" class=\"yoast-schema-graph\">{\"@context\":\"https:\\\/\\\/schema.org\",\"@graph\":[{\"@type\":\"WebPage\",\"@id\":\"https:\\\/\\\/valaisfilmcommission.ch\\\/fr\\\/pourquoi-filmer-en-valais\\\/\",\"url\":\"https:\\\/\\\/valaisfilmcommission.ch\\\/fr\\\/pourquoi-filmer-en-valais\\\/\",\"name\":\"Pourquoi filmer en Valais ? &#8211; Valais Film Commission\",\"isPartOf\":{\"@id\":\"https:\\\/\\\/valaisfilmcommission.ch\\\/fr\\\/#website\"},\"primaryImageOfPage\":{\"@id\":\"https:\\\/\\\/valaisfilmcommission.ch\\\/fr\\\/pourquoi-filmer-en-valais\\\/#primaryimage\"},\"image\":{\"@id\":\"https:\\\/\\\/valaisfilmcommission.ch\\\/fr\\\/pourquoi-filmer-en-valais\\\/#primaryimage\"},\"thumbnailUrl\":\"https:\\\/\\\/valaisfilmcommission.ch\\\/wp-content\\\/uploads\\\/2024\\\/04\\\/Icon-soleil.png\",\"datePublished\":\"2024-05-03T11:48:01+00:00\",\"dateModified\":\"2024-05-03T11:51:34+00:00\",\"description\":\"Filmer en Valais comporte de nombreux avantages. D\u00e9couvrez les caract\u00e9ristiques de la r\u00e9gions afin d'avoir un aper\u00e7u du Valais.\",\"breadcrumb\":{\"@id\":\"https:\\\/\\\/valaisfilmcommission.ch\\\/fr\\\/pourquoi-filmer-en-valais\\\/#breadcrumb\"},\"inLanguage\":\"fr-FR\",\"potentialAction\":[{\"@type\":\"ReadAction\",\"target\":[\"https:\\\/\\\/valaisfilmcommission.ch\\\/fr\\\/pourquoi-filmer-en-valais\\\/\"]}]},{\"@type\":\"ImageObject\",\"inLanguage\":\"fr-FR\",\"@id\":\"https:\\\/\\\/valaisfilmcommission.ch\\\/fr\\\/pourquoi-filmer-en-valais\\\/#primaryimage\",\"url\":\"https:\\\/\\\/valaisfilmcommission.ch\\\/wp-content\\\/uploads\\\/2024\\\/04\\\/Icon-soleil.png\",\"contentUrl\":\"https:\\\/\\\/valaisfilmcommission.ch\\\/wp-content\\\/uploads\\\/2024\\\/04\\\/Icon-soleil.png\"},{\"@type\":\"BreadcrumbList\",\"@id\":\"https:\\\/\\\/valaisfilmcommission.ch\\\/fr\\\/pourquoi-filmer-en-valais\\\/#breadcrumb\",\"itemListElement\":[{\"@type\":\"ListItem\",\"position\":1,\"name\":\"Home\",\"item\":\"https:\\\/\\\/valaisfilmcommission.ch\\\/fr\\\/\"},{\"@type\":\"ListItem\",\"position\":2,\"name\":\"Pourquoi filmer en Valais ?\"}]},{\"@type\":\"WebSite\",\"@id\":\"https:\\\/\\\/valaisfilmcommission.ch\\\/fr\\\/#website\",\"url\":\"https:\\\/\\\/valaisfilmcommission.ch\\\/fr\\\/\",\"name\":\"Valais Film Commission\",\"description\":\"Soutien de l&#039;audiovisuel en Valais\",\"publisher\":{\"@id\":\"https:\\\/\\\/valaisfilmcommission.ch\\\/fr\\\/#organization\"},\"potentialAction\":[{\"@type\":\"SearchAction\",\"target\":{\"@type\":\"EntryPoint\",\"urlTemplate\":\"https:\\\/\\\/valaisfilmcommission.ch\\\/fr\\\/?s={search_term_string}\"},\"query-input\":{\"@type\":\"PropertyValueSpecification\",\"valueRequired\":true,\"valueName\":\"search_term_string\"}}],\"inLanguage\":\"fr-FR\"},{\"@type\":\"Organization\",\"@id\":\"https:\\\/\\\/valaisfilmcommission.ch\\\/fr\\\/#organization\",\"name\":\"Valais Film Commission\",\"url\":\"https:\\\/\\\/valaisfilmcommission.ch\\\/fr\\\/\",\"logo\":{\"@type\":\"ImageObject\",\"inLanguage\":\"fr-FR\",\"@id\":\"https:\\\/\\\/valaisfilmcommission.ch\\\/fr\\\/#\\\/schema\\\/logo\\\/image\\\/\",\"url\":\"https:\\\/\\\/valaisfilmcommission.ch\\\/wp-content\\\/uploads\\\/2020\\\/07\\\/Valais_FR.svg\",\"contentUrl\":\"https:\\\/\\\/valaisfilmcommission.ch\\\/wp-content\\\/uploads\\\/2020\\\/07\\\/Valais_FR.svg\",\"width\":1,\"height\":1,\"caption\":\"Valais Film Commission\"},\"image\":{\"@id\":\"https:\\\/\\\/valaisfilmcommission.ch\\\/fr\\\/#\\\/schema\\\/logo\\\/image\\\/\"},\"sameAs\":[\"https:\\\/\\\/x.com\\\/ValaisFilmCom\",\"https:\\\/\\\/www.instagram.com\\\/valaisfilmcommission\\\/\"]}]}<\/script>\n<!-- \/ Yoast SEO plugin. -->","yoast_head_json":{"title":"Pourquoi filmer en Valais ? &#8211; Valais Film Commission","description":"Filmer en Valais comporte de nombreux avantages. D\u00e9couvrez les caract\u00e9ristiques de la r\u00e9gions afin d'avoir un aper\u00e7u du Valais.","robots":{"index":"index","follow":"follow","max-snippet":"max-snippet:-1","max-image-preview":"max-image-preview:large","max-video-preview":"max-video-preview:-1"},"canonical":"https:\/\/valaisfilmcommission.ch\/fr\/pourquoi-filmer-en-valais\/","og_locale":"fr_FR","og_type":"article","og_title":"Pourquoi filmer en Valais ? &#8211; Valais Film Commission","og_description":"Filmer en Valais comporte de nombreux avantages. D\u00e9couvrez les caract\u00e9ristiques de la r\u00e9gions afin d'avoir un aper\u00e7u du Valais.","og_url":"https:\/\/valaisfilmcommission.ch\/fr\/pourquoi-filmer-en-valais\/","og_site_name":"Valais Film Commission","article_modified_time":"2024-05-03T11:51:34+00:00","og_image":[{"url":"https:\/\/valaisfilmcommission.ch\/wp-content\/uploads\/2024\/04\/Icon-soleil.png","type":"","width":"","height":""}],"twitter_card":"summary_large_image","twitter_site":"@ValaisFilmCom","twitter_misc":{"Dur\u00e9e de lecture estim\u00e9e":"3 minutes"},"schema":{"@context":"https:\/\/schema.org","@graph":[{"@type":"WebPage","@id":"https:\/\/valaisfilmcommission.ch\/fr\/pourquoi-filmer-en-valais\/","url":"https:\/\/valaisfilmcommission.ch\/fr\/pourquoi-filmer-en-valais\/","name":"Pourquoi filmer en Valais ? &#8211; Valais Film Commission","isPartOf":{"@id":"https:\/\/valaisfilmcommission.ch\/fr\/#website"},"primaryImageOfPage":{"@id":"https:\/\/valaisfilmcommission.ch\/fr\/pourquoi-filmer-en-valais\/#primaryimage"},"image":{"@id":"https:\/\/valaisfilmcommission.ch\/fr\/pourquoi-filmer-en-valais\/#primaryimage"},"thumbnailUrl":"https:\/\/valaisfilmcommission.ch\/wp-content\/uploads\/2024\/04\/Icon-soleil.png","datePublished":"2024-05-03T11:48:01+00:00","dateModified":"2024-05-03T11:51:34+00:00","description":"Filmer en Valais comporte de nombreux avantages. D\u00e9couvrez les caract\u00e9ristiques de la r\u00e9gions afin d'avoir un aper\u00e7u du Valais.","breadcrumb":{"@id":"https:\/\/valaisfilmcommission.ch\/fr\/pourquoi-filmer-en-valais\/#breadcrumb"},"inLanguage":"fr-FR","potentialAction":[{"@type":"ReadAction","target":["https:\/\/valaisfilmcommission.ch\/fr\/pourquoi-filmer-en-valais\/"]}]},{"@type":"ImageObject","inLanguage":"fr-FR","@id":"https:\/\/valaisfilmcommission.ch\/fr\/pourquoi-filmer-en-valais\/#primaryimage","url":"https:\/\/valaisfilmcommission.ch\/wp-content\/uploads\/2024\/04\/Icon-soleil.png","contentUrl":"https:\/\/valaisfilmcommission.ch\/wp-content\/uploads\/2024\/04\/Icon-soleil.png"},{"@type":"BreadcrumbList","@id":"https:\/\/valaisfilmcommission.ch\/fr\/pourquoi-filmer-en-valais\/#breadcrumb","itemListElement":[{"@type":"ListItem","position":1,"name":"Home","item":"https:\/\/valaisfilmcommission.ch\/fr\/"},{"@type":"ListItem","position":2,"name":"Pourquoi filmer en Valais ?"}]},{"@type":"WebSite","@id":"https:\/\/valaisfilmcommission.ch\/fr\/#website","url":"https:\/\/valaisfilmcommission.ch\/fr\/","name":"Valais Film Commission","description":"Soutien de l&#039;audiovisuel en Valais","publisher":{"@id":"https:\/\/valaisfilmcommission.ch\/fr\/#organization"},"potentialAction":[{"@type":"SearchAction","target":{"@type":"EntryPoint","urlTemplate":"https:\/\/valaisfilmcommission.ch\/fr\/?s={search_term_string}"},"query-input":{"@type":"PropertyValueSpecification","valueRequired":true,"valueName":"search_term_string"}}],"inLanguage":"fr-FR"},{"@type":"Organization","@id":"https:\/\/valaisfilmcommission.ch\/fr\/#organization","name":"Valais Film Commission","url":"https:\/\/valaisfilmcommission.ch\/fr\/","logo":{"@type":"ImageObject","inLanguage":"fr-FR","@id":"https:\/\/valaisfilmcommission.ch\/fr\/#\/schema\/logo\/image\/","url":"https:\/\/valaisfilmcommission.ch\/wp-content\/uploads\/2020\/07\/Valais_FR.svg","contentUrl":"https:\/\/valaisfilmcommission.ch\/wp-content\/uploads\/2020\/07\/Valais_FR.svg","width":1,"height":1,"caption":"Valais Film Commission"},"image":{"@id":"https:\/\/valaisfilmcommission.ch\/fr\/#\/schema\/logo\/image\/"},"sameAs":["https:\/\/x.com\/ValaisFilmCom","https:\/\/www.instagram.com\/valaisfilmcommission\/"]}]}},"_links":{"self":[{"href":"https:\/\/valaisfilmcommission.ch\/fr\/wp-json\/wp\/v2\/pages\/9010","targetHints":{"allow":["GET"]}}],"collection":[{"href":"https:\/\/valaisfilmcommission.ch\/fr\/wp-json\/wp\/v2\/pages"}],"about":[{"href":"https:\/\/valaisfilmcommission.ch\/fr\/wp-json\/wp\/v2\/types\/page"}],"author":[{"embeddable":true,"href":"https:\/\/valaisfilmcommission.ch\/fr\/wp-json\/wp\/v2\/users\/14"}],"replies":[{"embeddable":true,"href":"https:\/\/valaisfilmcommission.ch\/fr\/wp-json\/wp\/v2\/comments?post=9010"}],"version-history":[{"count":80,"href":"https:\/\/valaisfilmcommission.ch\/fr\/wp-json\/wp\/v2\/pages\/9010\/revisions"}],"predecessor-version":[{"id":9724,"href":"https:\/\/valaisfilmcommission.ch\/fr\/wp-json\/wp\/v2\/pages\/9010\/revisions\/9724"}],"wp:attachment":[{"href":"https:\/\/valaisfilmcommission.ch\/fr\/wp-json\/wp\/v2\/media?parent=9010"}],"curies":[{"name":"wp","href":"https:\/\/api.w.org\/{rel}","templated":true}]}}