{"id":9754,"date":"2024-05-22T08:59:43","date_gmt":"2024-05-22T06:59:43","guid":{"rendered":"https:\/\/valaisfilmcommission.ch\/?page_id=9754"},"modified":"2024-05-22T09:02:15","modified_gmt":"2024-05-22T07:02:15","slug":"was-spricht-fur-dreharbeiten-im-wallis","status":"publish","type":"page","link":"https:\/\/valaisfilmcommission.ch\/de\/was-spricht-fur-dreharbeiten-im-wallis\/","title":{"rendered":"Was spricht f\u00fcr Dreharbeiten im Wallis?"},"content":{"rendered":"\t\t<div data-elementor-type=\"wp-page\" data-elementor-id=\"9754\" class=\"elementor elementor-9754 elementor-9010\" data-elementor-post-type=\"page\">\n\t\t\t\t<div class=\"elementor-element elementor-element-67a221b e-flex e-con-boxed e-con e-parent\" data-id=\"67a221b\" data-element_type=\"container\" data-e-type=\"container\">\n\t\t\t\t\t<div class=\"e-con-inner\">\n\t\t\t\t<div class=\"elementor-element elementor-element-4321409 elementor-widget elementor-widget-heading\" data-id=\"4321409\" data-element_type=\"widget\" data-e-type=\"widget\" data-widget_type=\"heading.default\">\n\t\t\t\t<div class=\"elementor-widget-container\">\n\t\t\t\t\t<h2 class=\"elementor-heading-title elementor-size-default\">Was spricht f\u00fcr Dreharbeiten im Wallis?<\/h2>\t\t\t\t<\/div>\n\t\t\t\t<\/div>\n\t\t\t\t<div class=\"elementor-element elementor-element-d28f64b elementor-widget elementor-widget-text-editor\" data-id=\"d28f64b\" data-element_type=\"widget\" data-e-type=\"widget\" data-widget_type=\"text-editor.default\">\n\t\t\t\t<div class=\"elementor-widget-container\">\n\t\t\t\t\t\t\t\t\t<p>Es ist die immense Vielfalt, die der Bergkanton zu bieten hat. Sowohl landschaftlich als auch infrastrukturell. Von den Gipfeln in \u00fcber 4000 Metern H\u00f6he bis ins Tal mit mediterranen Temperaturen. Von urchigen Chalets aus massivem Holz bis zu luxuri\u00f6sen Hotels, von der eisigen K\u00e4lte der Gletscher bis hin zu den sonnigen Obstplantagen und Weinbergen. Welches Motiv auch immer Sie suchen, im Wallis werden Sie es finden. Die Dreharbeiten bieten ein einzigartiges Erlebnis, Best\u00e4ndigkeit und Komfort, sodass es Sie immer wieder hierherzieht.<\/p>\t\t\t\t\t\t\t\t<\/div>\n\t\t\t\t<\/div>\n\t\t\t\t<div class=\"elementor-element elementor-element-481f350 elementor-widget elementor-widget-heading\" data-id=\"481f350\" data-element_type=\"widget\" data-e-type=\"widget\" data-widget_type=\"heading.default\">\n\t\t\t\t<div class=\"elementor-widget-container\">\n\t\t\t\t\t<h2 class=\"elementor-heading-title elementor-size-default\">Das Wallis in K\u00fcrze<\/h2>\t\t\t\t<\/div>\n\t\t\t\t<\/div>\n\t\t\t\t\t<\/div>\n\t\t\t\t<\/div>\n\t\t<div class=\"elementor-element elementor-element-64f8de3 e-flex e-con-boxed e-con e-parent\" data-id=\"64f8de3\" data-element_type=\"container\" data-e-type=\"container\">\n\t\t\t\t\t<div class=\"e-con-inner\">\n\t\t<div class=\"elementor-element elementor-element-41c49bd e-con-full e-flex e-con e-child\" data-id=\"41c49bd\" data-element_type=\"container\" data-e-type=\"container\">\n\t\t\t\t<div class=\"elementor-element elementor-element-7d5cacf elementor-widget__width-initial elementor-widget elementor-widget-text-editor\" data-id=\"7d5cacf\" data-element_type=\"widget\" data-e-type=\"widget\" data-widget_type=\"text-editor.default\">\n\t\t\t\t<div class=\"elementor-widget-container\">\n\t\t\t\t\t\t\t\t\t<p><img decoding=\"async\" class=\"alignnone wp-image-9013\" src=\"https:\/\/valaisfilmcommission.ch\/wp-content\/uploads\/2024\/04\/Icon-soleil.png\" alt=\"\" width=\"40\" height=\"40\" \/><\/p><p>Wetter: durchschnittlich 300 Sonnentage pro Jahr<\/p><p><img decoding=\"async\" class=\"alignnone wp-image-9016\" src=\"https:\/\/valaisfilmcommission.ch\/wp-content\/uploads\/2024\/04\/Icon-gens.png\" alt=\"\" width=\"40\" height=\"40\" \/><\/p><p>Bev\u00f6lkerung: &gt; 350&#8217;000 Einwohnende \u2013 Stand 2023<\/p><p><img decoding=\"async\" class=\"alignnone wp-image-9019\" src=\"https:\/\/valaisfilmcommission.ch\/wp-content\/uploads\/2024\/04\/Icon-terrain.png\" alt=\"\" width=\"40\" height=\"40\" \/><\/p><p>Fl\u00e4che: 5224 Quadratkilometer<\/p><p><img loading=\"lazy\" decoding=\"async\" class=\"alignnone wp-image-9037\" src=\"https:\/\/valaisfilmcommission.ch\/wp-content\/uploads\/2024\/04\/Icon-argent.png\" alt=\"\" width=\"40\" height=\"40\" \/><\/p><p>W\u00e4hrung: Schweizer Franken, kurz CHF<\/p><p>Mehrwertsteuer: 8,1Prozent<\/p><p><img loading=\"lazy\" decoding=\"async\" class=\"alignnone wp-image-9222\" src=\"https:\/\/valaisfilmcommission.ch\/wp-content\/uploads\/2024\/04\/2019_icon_PNG_M_mask_\u00a9Valais_Wallis-Promotion.png\" alt=\"\" width=\"40\" height=\"40\" \/><\/p><p>Sprachen: Franz\u00f6sisch und Deutsch<\/p>\t\t\t\t\t\t\t\t<\/div>\n\t\t\t\t<\/div>\n\t\t\t\t<\/div>\n\t\t<div class=\"elementor-element elementor-element-0dfde05 e-con-full e-flex e-con e-child\" data-id=\"0dfde05\" data-element_type=\"container\" data-e-type=\"container\">\n\t\t\t\t<div class=\"elementor-element elementor-element-c5210a5 elementor-widget elementor-widget-image\" data-id=\"c5210a5\" data-element_type=\"widget\" data-e-type=\"widget\" data-widget_type=\"image.default\">\n\t\t\t\t<div class=\"elementor-widget-container\">\n\t\t\t\t\t\t\t\t\t\t\t\t\t\t\t\t<a href=\"https:\/\/www.google.com\/maps\/place\/Valais\/\" target=\"_blank\" rel=\"nofollow\">\n\t\t\t\t\t\t\t<img loading=\"lazy\" decoding=\"async\" width=\"750\" height=\"865\" src=\"https:\/\/valaisfilmcommission.ch\/wp-content\/uploads\/2024\/04\/Carte-Valais-Europe.jpg\" class=\"attachment-large size-large wp-image-9242\" alt=\"Carte situation du Valais\" srcset=\"https:\/\/valaisfilmcommission.ch\/wp-content\/uploads\/2024\/04\/Carte-Valais-Europe.jpg 750w, https:\/\/valaisfilmcommission.ch\/wp-content\/uploads\/2024\/04\/Carte-Valais-Europe-260x300.jpg 260w\" sizes=\"(max-width: 750px) 100vw, 750px\" \/>\t\t\t\t\t\t\t\t<\/a>\n\t\t\t\t\t\t\t\t\t\t\t\t\t\t\t<\/div>\n\t\t\t\t<\/div>\n\t\t\t\t<\/div>\n\t\t\t\t\t<\/div>\n\t\t\t\t<\/div>\n\t\t<div class=\"elementor-element elementor-element-b073a40 e-flex e-con-boxed e-con e-parent\" data-id=\"b073a40\" data-element_type=\"container\" data-e-type=\"container\">\n\t\t\t\t\t<div class=\"e-con-inner\">\n\t\t\t\t<div class=\"elementor-element elementor-element-9204605 elementor-widget elementor-widget-heading\" data-id=\"9204605\" data-element_type=\"widget\" data-e-type=\"widget\" data-widget_type=\"heading.default\">\n\t\t\t\t<div class=\"elementor-widget-container\">\n\t\t\t\t\t<h2 class=\"elementor-heading-title elementor-size-default\">Zehn Gr\u00fcnde f\u00fcr das Filmen im Wallis<\/h2>\t\t\t\t<\/div>\n\t\t\t\t<\/div>\n\t\t\t\t\t<\/div>\n\t\t\t\t<\/div>\n\t\t<div class=\"elementor-element elementor-element-e591f4f e-flex e-con-boxed e-con e-parent\" data-id=\"e591f4f\" data-element_type=\"container\" data-e-type=\"container\">\n\t\t\t\t\t<div class=\"e-con-inner\">\n\t\t\t\t<div class=\"elementor-element elementor-element-7a61f28 elementor-widget elementor-widget-text-editor\" data-id=\"7a61f28\" data-element_type=\"widget\" data-e-type=\"widget\" data-widget_type=\"text-editor.default\">\n\t\t\t\t<div class=\"elementor-widget-container\">\n\t\t\t\t\t\t\t\t\t<ol><li>Vielfalt der <a href=\"https:\/\/valaisfilmcommission.ch\/de\/filmkulissen\/\">Schaupl\u00e4tze<\/a><\/li><li>Politische und geopolitische Stabilit\u00e4t<\/li><li>Erleichterungsservice betreffend Beantragung von Genehmigungen, Scouting, Suche nach Arbeitskr\u00e4ften und so weiter<\/li><li>300 Sonnentage im Jahr<\/li><li>Wirtschaftlicher Anreiz \u2013 <a href=\"https:\/\/valaisfilmcommission.ch\/de\/foerderung\/\">Cash Rebate<\/a><\/li><li>Kompetente und qualifizierte Arbeitskr\u00e4fte vor Ort<\/li><li>Unterst\u00fctzung von A bis Z durch die Valais Film Commission<\/li><li>Hohe Lebensqualit\u00e4t ausserhalb der Dreharbeiten<\/li><li>Einfache und schnelle Erreichbarkeit \u2013 zweieinhalb Stunden von Mailand und Z\u00fcrich und zwei Stunden von Genf entfernt<\/li><li>Wallis. Land der Drehorte.<\/li><\/ol>\t\t\t\t\t\t\t\t<\/div>\n\t\t\t\t<\/div>\n\t\t\t\t\t<\/div>\n\t\t\t\t<\/div>\n\t\t\t\t<\/div>\n\t\t","protected":false},"excerpt":{"rendered":"<p>Was spricht f\u00fcr Dreharbeiten im Wallis? Es ist die immense Vielfalt, die der Bergkanton zu bieten hat. Sowohl landschaftlich als auch infrastrukturell. Von den Gipfeln in \u00fcber 4000 Metern H\u00f6he bis ins Tal mit mediterranen Temperaturen. Von urchigen Chalets aus massivem Holz bis zu luxuri\u00f6sen Hotels, von der eisigen K\u00e4lte der Gletscher bis hin zu [&hellip;]<\/p>\n","protected":false},"author":14,"featured_media":0,"parent":0,"menu_order":0,"comment_status":"closed","ping_status":"closed","template":"","meta":{"_acf_changed":false,"footnotes":""},"class_list":["post-9754","page","type-page","status-publish","hentry"],"acf":[],"yoast_head":"<!-- This site is optimized with the Yoast SEO plugin v27.4 - https:\/\/yoast.com\/product\/yoast-seo-wordpress\/ -->\n<title>Was spricht f\u00fcr Dreharbeiten im Wallis? &#8211; Valais Film Commission<\/title>\n<meta name=\"robots\" content=\"index, follow, max-snippet:-1, max-image-preview:large, max-video-preview:-1\" \/>\n<link rel=\"canonical\" href=\"https:\/\/valaisfilmcommission.ch\/de\/was-spricht-fur-dreharbeiten-im-wallis\/\" \/>\n<meta property=\"og:locale\" content=\"de_DE\" \/>\n<meta property=\"og:type\" content=\"article\" \/>\n<meta property=\"og:title\" content=\"Was spricht f\u00fcr Dreharbeiten im Wallis? &#8211; Valais Film Commission\" \/>\n<meta property=\"og:description\" content=\"Was spricht f\u00fcr Dreharbeiten im Wallis? Es ist die immense Vielfalt, die der Bergkanton zu bieten hat. Sowohl landschaftlich als auch infrastrukturell. Von den Gipfeln in \u00fcber 4000 Metern H\u00f6he bis ins Tal mit mediterranen Temperaturen. Von urchigen Chalets aus massivem Holz bis zu luxuri\u00f6sen Hotels, von der eisigen K\u00e4lte der Gletscher bis hin zu [&hellip;]\" \/>\n<meta property=\"og:url\" content=\"https:\/\/valaisfilmcommission.ch\/de\/was-spricht-fur-dreharbeiten-im-wallis\/\" \/>\n<meta property=\"og:site_name\" content=\"Valais Film Commission\" \/>\n<meta property=\"article:modified_time\" content=\"2024-05-22T07:02:15+00:00\" \/>\n<meta property=\"og:image\" content=\"https:\/\/valaisfilmcommission.ch\/wp-content\/uploads\/2024\/04\/Icon-soleil.png\" \/>\n<meta name=\"twitter:card\" content=\"summary_large_image\" \/>\n<meta name=\"twitter:site\" content=\"@ValaisFilmCom\" \/>\n<meta name=\"twitter:label1\" content=\"Gesch\u00e4tzte Lesezeit\" \/>\n\t<meta name=\"twitter:data1\" content=\"3\u00a0Minuten\" \/>\n<script type=\"application\/ld+json\" class=\"yoast-schema-graph\">{\"@context\":\"https:\\\/\\\/schema.org\",\"@graph\":[{\"@type\":\"WebPage\",\"@id\":\"https:\\\/\\\/valaisfilmcommission.ch\\\/de\\\/was-spricht-fur-dreharbeiten-im-wallis\\\/\",\"url\":\"https:\\\/\\\/valaisfilmcommission.ch\\\/de\\\/was-spricht-fur-dreharbeiten-im-wallis\\\/\",\"name\":\"Was spricht f\u00fcr Dreharbeiten im Wallis? &#8211; Valais Film Commission\",\"isPartOf\":{\"@id\":\"https:\\\/\\\/valaisfilmcommission.ch\\\/de\\\/#website\"},\"primaryImageOfPage\":{\"@id\":\"https:\\\/\\\/valaisfilmcommission.ch\\\/de\\\/was-spricht-fur-dreharbeiten-im-wallis\\\/#primaryimage\"},\"image\":{\"@id\":\"https:\\\/\\\/valaisfilmcommission.ch\\\/de\\\/was-spricht-fur-dreharbeiten-im-wallis\\\/#primaryimage\"},\"thumbnailUrl\":\"https:\\\/\\\/valaisfilmcommission.ch\\\/wp-content\\\/uploads\\\/2024\\\/04\\\/Icon-soleil.png\",\"datePublished\":\"2024-05-22T06:59:43+00:00\",\"dateModified\":\"2024-05-22T07:02:15+00:00\",\"breadcrumb\":{\"@id\":\"https:\\\/\\\/valaisfilmcommission.ch\\\/de\\\/was-spricht-fur-dreharbeiten-im-wallis\\\/#breadcrumb\"},\"inLanguage\":\"de\",\"potentialAction\":[{\"@type\":\"ReadAction\",\"target\":[\"https:\\\/\\\/valaisfilmcommission.ch\\\/de\\\/was-spricht-fur-dreharbeiten-im-wallis\\\/\"]}]},{\"@type\":\"ImageObject\",\"inLanguage\":\"de\",\"@id\":\"https:\\\/\\\/valaisfilmcommission.ch\\\/de\\\/was-spricht-fur-dreharbeiten-im-wallis\\\/#primaryimage\",\"url\":\"https:\\\/\\\/valaisfilmcommission.ch\\\/wp-content\\\/uploads\\\/2024\\\/04\\\/Icon-soleil.png\",\"contentUrl\":\"https:\\\/\\\/valaisfilmcommission.ch\\\/wp-content\\\/uploads\\\/2024\\\/04\\\/Icon-soleil.png\"},{\"@type\":\"BreadcrumbList\",\"@id\":\"https:\\\/\\\/valaisfilmcommission.ch\\\/de\\\/was-spricht-fur-dreharbeiten-im-wallis\\\/#breadcrumb\",\"itemListElement\":[{\"@type\":\"ListItem\",\"position\":1,\"name\":\"Home\",\"item\":\"https:\\\/\\\/valaisfilmcommission.ch\\\/de\\\/\"},{\"@type\":\"ListItem\",\"position\":2,\"name\":\"Was spricht f\u00fcr Dreharbeiten im Wallis?\"}]},{\"@type\":\"WebSite\",\"@id\":\"https:\\\/\\\/valaisfilmcommission.ch\\\/de\\\/#website\",\"url\":\"https:\\\/\\\/valaisfilmcommission.ch\\\/de\\\/\",\"name\":\"Valais Film Commission\",\"description\":\"Soutien de l&#039;audiovisuel en Valais\",\"publisher\":{\"@id\":\"https:\\\/\\\/valaisfilmcommission.ch\\\/de\\\/#organization\"},\"potentialAction\":[{\"@type\":\"SearchAction\",\"target\":{\"@type\":\"EntryPoint\",\"urlTemplate\":\"https:\\\/\\\/valaisfilmcommission.ch\\\/de\\\/?s={search_term_string}\"},\"query-input\":{\"@type\":\"PropertyValueSpecification\",\"valueRequired\":true,\"valueName\":\"search_term_string\"}}],\"inLanguage\":\"de\"},{\"@type\":\"Organization\",\"@id\":\"https:\\\/\\\/valaisfilmcommission.ch\\\/de\\\/#organization\",\"name\":\"Valais Film Commission\",\"url\":\"https:\\\/\\\/valaisfilmcommission.ch\\\/de\\\/\",\"logo\":{\"@type\":\"ImageObject\",\"inLanguage\":\"de\",\"@id\":\"https:\\\/\\\/valaisfilmcommission.ch\\\/de\\\/#\\\/schema\\\/logo\\\/image\\\/\",\"url\":\"https:\\\/\\\/valaisfilmcommission.ch\\\/wp-content\\\/uploads\\\/2020\\\/07\\\/Valais_FR.svg\",\"contentUrl\":\"https:\\\/\\\/valaisfilmcommission.ch\\\/wp-content\\\/uploads\\\/2020\\\/07\\\/Valais_FR.svg\",\"width\":1,\"height\":1,\"caption\":\"Valais Film Commission\"},\"image\":{\"@id\":\"https:\\\/\\\/valaisfilmcommission.ch\\\/de\\\/#\\\/schema\\\/logo\\\/image\\\/\"},\"sameAs\":[\"https:\\\/\\\/x.com\\\/ValaisFilmCom\",\"https:\\\/\\\/www.instagram.com\\\/valaisfilmcommission\\\/\"]}]}<\/script>\n<!-- \/ Yoast SEO plugin. -->","yoast_head_json":{"title":"Was spricht f\u00fcr Dreharbeiten im Wallis? &#8211; Valais Film Commission","robots":{"index":"index","follow":"follow","max-snippet":"max-snippet:-1","max-image-preview":"max-image-preview:large","max-video-preview":"max-video-preview:-1"},"canonical":"https:\/\/valaisfilmcommission.ch\/de\/was-spricht-fur-dreharbeiten-im-wallis\/","og_locale":"de_DE","og_type":"article","og_title":"Was spricht f\u00fcr Dreharbeiten im Wallis? &#8211; Valais Film Commission","og_description":"Was spricht f\u00fcr Dreharbeiten im Wallis? Es ist die immense Vielfalt, die der Bergkanton zu bieten hat. Sowohl landschaftlich als auch infrastrukturell. Von den Gipfeln in \u00fcber 4000 Metern H\u00f6he bis ins Tal mit mediterranen Temperaturen. Von urchigen Chalets aus massivem Holz bis zu luxuri\u00f6sen Hotels, von der eisigen K\u00e4lte der Gletscher bis hin zu [&hellip;]","og_url":"https:\/\/valaisfilmcommission.ch\/de\/was-spricht-fur-dreharbeiten-im-wallis\/","og_site_name":"Valais Film Commission","article_modified_time":"2024-05-22T07:02:15+00:00","og_image":[{"url":"https:\/\/valaisfilmcommission.ch\/wp-content\/uploads\/2024\/04\/Icon-soleil.png","type":"","width":"","height":""}],"twitter_card":"summary_large_image","twitter_site":"@ValaisFilmCom","twitter_misc":{"Gesch\u00e4tzte Lesezeit":"3\u00a0Minuten"},"schema":{"@context":"https:\/\/schema.org","@graph":[{"@type":"WebPage","@id":"https:\/\/valaisfilmcommission.ch\/de\/was-spricht-fur-dreharbeiten-im-wallis\/","url":"https:\/\/valaisfilmcommission.ch\/de\/was-spricht-fur-dreharbeiten-im-wallis\/","name":"Was spricht f\u00fcr Dreharbeiten im Wallis? &#8211; Valais Film Commission","isPartOf":{"@id":"https:\/\/valaisfilmcommission.ch\/de\/#website"},"primaryImageOfPage":{"@id":"https:\/\/valaisfilmcommission.ch\/de\/was-spricht-fur-dreharbeiten-im-wallis\/#primaryimage"},"image":{"@id":"https:\/\/valaisfilmcommission.ch\/de\/was-spricht-fur-dreharbeiten-im-wallis\/#primaryimage"},"thumbnailUrl":"https:\/\/valaisfilmcommission.ch\/wp-content\/uploads\/2024\/04\/Icon-soleil.png","datePublished":"2024-05-22T06:59:43+00:00","dateModified":"2024-05-22T07:02:15+00:00","breadcrumb":{"@id":"https:\/\/valaisfilmcommission.ch\/de\/was-spricht-fur-dreharbeiten-im-wallis\/#breadcrumb"},"inLanguage":"de","potentialAction":[{"@type":"ReadAction","target":["https:\/\/valaisfilmcommission.ch\/de\/was-spricht-fur-dreharbeiten-im-wallis\/"]}]},{"@type":"ImageObject","inLanguage":"de","@id":"https:\/\/valaisfilmcommission.ch\/de\/was-spricht-fur-dreharbeiten-im-wallis\/#primaryimage","url":"https:\/\/valaisfilmcommission.ch\/wp-content\/uploads\/2024\/04\/Icon-soleil.png","contentUrl":"https:\/\/valaisfilmcommission.ch\/wp-content\/uploads\/2024\/04\/Icon-soleil.png"},{"@type":"BreadcrumbList","@id":"https:\/\/valaisfilmcommission.ch\/de\/was-spricht-fur-dreharbeiten-im-wallis\/#breadcrumb","itemListElement":[{"@type":"ListItem","position":1,"name":"Home","item":"https:\/\/valaisfilmcommission.ch\/de\/"},{"@type":"ListItem","position":2,"name":"Was spricht f\u00fcr Dreharbeiten im Wallis?"}]},{"@type":"WebSite","@id":"https:\/\/valaisfilmcommission.ch\/de\/#website","url":"https:\/\/valaisfilmcommission.ch\/de\/","name":"Valais Film Commission","description":"Soutien de l&#039;audiovisuel en Valais","publisher":{"@id":"https:\/\/valaisfilmcommission.ch\/de\/#organization"},"potentialAction":[{"@type":"SearchAction","target":{"@type":"EntryPoint","urlTemplate":"https:\/\/valaisfilmcommission.ch\/de\/?s={search_term_string}"},"query-input":{"@type":"PropertyValueSpecification","valueRequired":true,"valueName":"search_term_string"}}],"inLanguage":"de"},{"@type":"Organization","@id":"https:\/\/valaisfilmcommission.ch\/de\/#organization","name":"Valais Film Commission","url":"https:\/\/valaisfilmcommission.ch\/de\/","logo":{"@type":"ImageObject","inLanguage":"de","@id":"https:\/\/valaisfilmcommission.ch\/de\/#\/schema\/logo\/image\/","url":"https:\/\/valaisfilmcommission.ch\/wp-content\/uploads\/2020\/07\/Valais_FR.svg","contentUrl":"https:\/\/valaisfilmcommission.ch\/wp-content\/uploads\/2020\/07\/Valais_FR.svg","width":1,"height":1,"caption":"Valais Film Commission"},"image":{"@id":"https:\/\/valaisfilmcommission.ch\/de\/#\/schema\/logo\/image\/"},"sameAs":["https:\/\/x.com\/ValaisFilmCom","https:\/\/www.instagram.com\/valaisfilmcommission\/"]}]}},"_links":{"self":[{"href":"https:\/\/valaisfilmcommission.ch\/de\/wp-json\/wp\/v2\/pages\/9754","targetHints":{"allow":["GET"]}}],"collection":[{"href":"https:\/\/valaisfilmcommission.ch\/de\/wp-json\/wp\/v2\/pages"}],"about":[{"href":"https:\/\/valaisfilmcommission.ch\/de\/wp-json\/wp\/v2\/types\/page"}],"author":[{"embeddable":true,"href":"https:\/\/valaisfilmcommission.ch\/de\/wp-json\/wp\/v2\/users\/14"}],"replies":[{"embeddable":true,"href":"https:\/\/valaisfilmcommission.ch\/de\/wp-json\/wp\/v2\/comments?post=9754"}],"version-history":[{"count":5,"href":"https:\/\/valaisfilmcommission.ch\/de\/wp-json\/wp\/v2\/pages\/9754\/revisions"}],"predecessor-version":[{"id":9759,"href":"https:\/\/valaisfilmcommission.ch\/de\/wp-json\/wp\/v2\/pages\/9754\/revisions\/9759"}],"wp:attachment":[{"href":"https:\/\/valaisfilmcommission.ch\/de\/wp-json\/wp\/v2\/media?parent=9754"}],"curies":[{"name":"wp","href":"https:\/\/api.w.org\/{rel}","templated":true}]}}