{"id":9731,"date":"2024-05-17T11:52:22","date_gmt":"2024-05-17T09:52:22","guid":{"rendered":"https:\/\/valaisfilmcommission.ch\/?page_id=9731"},"modified":"2024-05-17T11:52:45","modified_gmt":"2024-05-17T09:52:45","slug":"filmen-mit-einer-drohne","status":"publish","type":"page","link":"https:\/\/valaisfilmcommission.ch\/de\/filmen-mit-einer-drohne\/","title":{"rendered":"Filmen mit einer Drohne"},"content":{"rendered":"\t\t<div data-elementor-type=\"wp-page\" data-elementor-id=\"9731\" class=\"elementor elementor-9731 elementor-9263\" data-elementor-post-type=\"page\">\n\t\t\t\t<div class=\"elementor-element elementor-element-50dc4b9 e-flex e-con-boxed e-con e-parent\" data-id=\"50dc4b9\" data-element_type=\"container\" data-e-type=\"container\">\n\t\t\t\t\t<div class=\"e-con-inner\">\n\t\t\t\t<div class=\"elementor-element elementor-element-2e02bd4 elementor-widget elementor-widget-heading\" data-id=\"2e02bd4\" data-element_type=\"widget\" data-e-type=\"widget\" data-widget_type=\"heading.default\">\n\t\t\t\t<div class=\"elementor-widget-container\">\n\t\t\t\t\t<h2 class=\"elementor-heading-title elementor-size-default\">Filmen mit einer Drohne im Wallis<\/h2>\t\t\t\t<\/div>\n\t\t\t\t<\/div>\n\t\t\t\t\t<\/div>\n\t\t\t\t<\/div>\n\t\t<div class=\"elementor-element elementor-element-b1c510d e-flex e-con-boxed e-con e-parent\" data-id=\"b1c510d\" data-element_type=\"container\" data-e-type=\"container\">\n\t\t\t\t\t<div class=\"e-con-inner\">\n\t\t<div class=\"elementor-element elementor-element-f85f5de e-con-full e-flex e-con e-child\" data-id=\"f85f5de\" data-element_type=\"container\" data-e-type=\"container\">\n\t\t\t\t<div class=\"elementor-element elementor-element-6fd34db elementor-widget elementor-widget-text-editor\" data-id=\"6fd34db\" data-element_type=\"widget\" data-e-type=\"widget\" data-widget_type=\"text-editor.default\">\n\t\t\t\t<div class=\"elementor-widget-container\">\n\t\t\t\t\t\t\t\t\t<p>Die Reglementierung der EU (Europ\u00e4ische Union) ist massgebend.<\/p><p>Finden Sie alle Informationen auf der Website des <a href=\"https:\/\/www.bazl.admin.ch\/bazl\/de\/home\/drohnen.html\" target=\"_blank\" rel=\"noopener\">Bundesamtes f\u00fcr Zivilluftfahrt BAZL.<\/a><\/p><p><a href=\"https:\/\/map.geo.admin.ch\/?layers=ch.bazl.einschraenkungen-drohnen&amp;lang=de\" target=\"_blank\" rel=\"noopener\">Karte der Gebiete mit Flugbeschr\u00e4nkungen<\/a><\/p><p>Wir empfehlen Ihnen, sich an lokale Drohnenbetreiber zu wenden. Eine <a href=\"https:\/\/valaisfilmcommission.ch\/de\/anbieter-und-dienstleistungen\/\">Liste ist in unserem Register der Dienstleistungen und Anbieter<\/a> verf\u00fcgbar.<\/p>\t\t\t\t\t\t\t\t<\/div>\n\t\t\t\t<\/div>\n\t\t\t\t<\/div>\n\t\t<div class=\"elementor-element elementor-element-0d65aa8 e-con-full e-flex e-con e-child\" data-id=\"0d65aa8\" data-element_type=\"container\" data-e-type=\"container\">\n\t\t\t\t<div class=\"elementor-element elementor-element-f028a74 elementor-widget elementor-widget-image\" data-id=\"f028a74\" data-element_type=\"widget\" data-e-type=\"widget\" data-widget_type=\"image.default\">\n\t\t\t\t<div class=\"elementor-widget-container\">\n\t\t\t\t\t\t\t\t\t\t\t\t\t\t\t<img decoding=\"async\" src=\"https:\/\/valaisfilmcommission.ch\/wp-content\/uploads\/elementor\/thumbs\/Unknown-scaled-qmw7nq2tulemuofqsz5pojhyvt3toxi0xy0y47supc.jpg\" title=\"Unknown\" alt=\"Filmer par drone en Valais\" loading=\"lazy\" \/>\t\t\t\t\t\t\t\t\t\t\t\t\t\t\t<\/div>\n\t\t\t\t<\/div>\n\t\t\t\t<\/div>\n\t\t\t\t\t<\/div>\n\t\t\t\t<\/div>\n\t\t\t\t<\/div>\n\t\t","protected":false},"excerpt":{"rendered":"<p>Filmen mit einer Drohne im Wallis Die Reglementierung der EU (Europ\u00e4ische Union) ist massgebend. Finden Sie alle Informationen auf der Website des Bundesamtes f\u00fcr Zivilluftfahrt BAZL. Karte der Gebiete mit Flugbeschr\u00e4nkungen Wir empfehlen Ihnen, sich an lokale Drohnenbetreiber zu wenden. Eine Liste ist in unserem Register der Dienstleistungen und Anbieter verf\u00fcgbar.<\/p>\n","protected":false},"author":14,"featured_media":0,"parent":0,"menu_order":0,"comment_status":"closed","ping_status":"closed","template":"","meta":{"_acf_changed":false,"footnotes":""},"class_list":["post-9731","page","type-page","status-publish","hentry"],"acf":[],"yoast_head":"<!-- This site is optimized with the Yoast SEO plugin v27.3 - https:\/\/yoast.com\/product\/yoast-seo-wordpress\/ -->\n<title>Filmen mit einer Drohne &#8211; Valais Film Commission<\/title>\n<meta name=\"robots\" content=\"index, follow, max-snippet:-1, max-image-preview:large, max-video-preview:-1\" \/>\n<link rel=\"canonical\" href=\"https:\/\/valaisfilmcommission.ch\/de\/filmen-mit-einer-drohne\/\" \/>\n<meta property=\"og:locale\" content=\"de_DE\" \/>\n<meta property=\"og:type\" content=\"article\" \/>\n<meta property=\"og:title\" content=\"Filmen mit einer Drohne &#8211; Valais Film Commission\" \/>\n<meta property=\"og:description\" content=\"Filmen mit einer Drohne im Wallis Die Reglementierung der EU (Europ\u00e4ische Union) ist massgebend. Finden Sie alle Informationen auf der Website des Bundesamtes f\u00fcr Zivilluftfahrt BAZL. Karte der Gebiete mit Flugbeschr\u00e4nkungen Wir empfehlen Ihnen, sich an lokale Drohnenbetreiber zu wenden. Eine Liste ist in unserem Register der Dienstleistungen und Anbieter verf\u00fcgbar.\" \/>\n<meta property=\"og:url\" content=\"https:\/\/valaisfilmcommission.ch\/de\/filmen-mit-einer-drohne\/\" \/>\n<meta property=\"og:site_name\" content=\"Valais Film Commission\" \/>\n<meta property=\"article:modified_time\" content=\"2024-05-17T09:52:45+00:00\" \/>\n<meta property=\"og:image\" content=\"https:\/\/valaisfilmcommission.ch\/wp-content\/uploads\/elementor\/thumbs\/Unknown-scaled-qmw7nq2tulemuofqsz5pojhyvt3toxi0xy0y47supc.jpg\" \/>\n<meta name=\"twitter:card\" content=\"summary_large_image\" \/>\n<meta name=\"twitter:site\" content=\"@ValaisFilmCom\" \/>\n<meta name=\"twitter:label1\" content=\"Gesch\u00e4tzte Lesezeit\" \/>\n\t<meta name=\"twitter:data1\" content=\"1\u00a0Minute\" \/>\n<script type=\"application\/ld+json\" class=\"yoast-schema-graph\">{\"@context\":\"https:\\\/\\\/schema.org\",\"@graph\":[{\"@type\":\"WebPage\",\"@id\":\"https:\\\/\\\/valaisfilmcommission.ch\\\/de\\\/filmen-mit-einer-drohne\\\/\",\"url\":\"https:\\\/\\\/valaisfilmcommission.ch\\\/de\\\/filmen-mit-einer-drohne\\\/\",\"name\":\"Filmen mit einer Drohne &#8211; Valais Film Commission\",\"isPartOf\":{\"@id\":\"https:\\\/\\\/valaisfilmcommission.ch\\\/de\\\/#website\"},\"primaryImageOfPage\":{\"@id\":\"https:\\\/\\\/valaisfilmcommission.ch\\\/de\\\/filmen-mit-einer-drohne\\\/#primaryimage\"},\"image\":{\"@id\":\"https:\\\/\\\/valaisfilmcommission.ch\\\/de\\\/filmen-mit-einer-drohne\\\/#primaryimage\"},\"thumbnailUrl\":\"https:\\\/\\\/valaisfilmcommission.ch\\\/wp-content\\\/uploads\\\/elementor\\\/thumbs\\\/Unknown-scaled-qmw7nq2tulemuofqsz5pojhyvt3toxi0xy0y47supc.jpg\",\"datePublished\":\"2024-05-17T09:52:22+00:00\",\"dateModified\":\"2024-05-17T09:52:45+00:00\",\"breadcrumb\":{\"@id\":\"https:\\\/\\\/valaisfilmcommission.ch\\\/de\\\/filmen-mit-einer-drohne\\\/#breadcrumb\"},\"inLanguage\":\"de\",\"potentialAction\":[{\"@type\":\"ReadAction\",\"target\":[\"https:\\\/\\\/valaisfilmcommission.ch\\\/de\\\/filmen-mit-einer-drohne\\\/\"]}]},{\"@type\":\"ImageObject\",\"inLanguage\":\"de\",\"@id\":\"https:\\\/\\\/valaisfilmcommission.ch\\\/de\\\/filmen-mit-einer-drohne\\\/#primaryimage\",\"url\":\"https:\\\/\\\/valaisfilmcommission.ch\\\/wp-content\\\/uploads\\\/elementor\\\/thumbs\\\/Unknown-scaled-qmw7nq2tulemuofqsz5pojhyvt3toxi0xy0y47supc.jpg\",\"contentUrl\":\"https:\\\/\\\/valaisfilmcommission.ch\\\/wp-content\\\/uploads\\\/elementor\\\/thumbs\\\/Unknown-scaled-qmw7nq2tulemuofqsz5pojhyvt3toxi0xy0y47supc.jpg\"},{\"@type\":\"BreadcrumbList\",\"@id\":\"https:\\\/\\\/valaisfilmcommission.ch\\\/de\\\/filmen-mit-einer-drohne\\\/#breadcrumb\",\"itemListElement\":[{\"@type\":\"ListItem\",\"position\":1,\"name\":\"Home\",\"item\":\"https:\\\/\\\/valaisfilmcommission.ch\\\/de\\\/\"},{\"@type\":\"ListItem\",\"position\":2,\"name\":\"Filmen mit einer Drohne\"}]},{\"@type\":\"WebSite\",\"@id\":\"https:\\\/\\\/valaisfilmcommission.ch\\\/de\\\/#website\",\"url\":\"https:\\\/\\\/valaisfilmcommission.ch\\\/de\\\/\",\"name\":\"Valais Film Commission\",\"description\":\"Soutien de l&#039;audiovisuel en Valais\",\"publisher\":{\"@id\":\"https:\\\/\\\/valaisfilmcommission.ch\\\/de\\\/#organization\"},\"potentialAction\":[{\"@type\":\"SearchAction\",\"target\":{\"@type\":\"EntryPoint\",\"urlTemplate\":\"https:\\\/\\\/valaisfilmcommission.ch\\\/de\\\/?s={search_term_string}\"},\"query-input\":{\"@type\":\"PropertyValueSpecification\",\"valueRequired\":true,\"valueName\":\"search_term_string\"}}],\"inLanguage\":\"de\"},{\"@type\":\"Organization\",\"@id\":\"https:\\\/\\\/valaisfilmcommission.ch\\\/de\\\/#organization\",\"name\":\"Valais Film Commission\",\"url\":\"https:\\\/\\\/valaisfilmcommission.ch\\\/de\\\/\",\"logo\":{\"@type\":\"ImageObject\",\"inLanguage\":\"de\",\"@id\":\"https:\\\/\\\/valaisfilmcommission.ch\\\/de\\\/#\\\/schema\\\/logo\\\/image\\\/\",\"url\":\"https:\\\/\\\/valaisfilmcommission.ch\\\/wp-content\\\/uploads\\\/2020\\\/07\\\/Valais_FR.svg\",\"contentUrl\":\"https:\\\/\\\/valaisfilmcommission.ch\\\/wp-content\\\/uploads\\\/2020\\\/07\\\/Valais_FR.svg\",\"width\":1,\"height\":1,\"caption\":\"Valais Film Commission\"},\"image\":{\"@id\":\"https:\\\/\\\/valaisfilmcommission.ch\\\/de\\\/#\\\/schema\\\/logo\\\/image\\\/\"},\"sameAs\":[\"https:\\\/\\\/x.com\\\/ValaisFilmCom\",\"https:\\\/\\\/www.instagram.com\\\/valaisfilmcommission\\\/\"]}]}<\/script>\n<!-- \/ Yoast SEO plugin. -->","yoast_head_json":{"title":"Filmen mit einer Drohne &#8211; Valais Film Commission","robots":{"index":"index","follow":"follow","max-snippet":"max-snippet:-1","max-image-preview":"max-image-preview:large","max-video-preview":"max-video-preview:-1"},"canonical":"https:\/\/valaisfilmcommission.ch\/de\/filmen-mit-einer-drohne\/","og_locale":"de_DE","og_type":"article","og_title":"Filmen mit einer Drohne &#8211; Valais Film Commission","og_description":"Filmen mit einer Drohne im Wallis Die Reglementierung der EU (Europ\u00e4ische Union) ist massgebend. Finden Sie alle Informationen auf der Website des Bundesamtes f\u00fcr Zivilluftfahrt BAZL. Karte der Gebiete mit Flugbeschr\u00e4nkungen Wir empfehlen Ihnen, sich an lokale Drohnenbetreiber zu wenden. Eine Liste ist in unserem Register der Dienstleistungen und Anbieter verf\u00fcgbar.","og_url":"https:\/\/valaisfilmcommission.ch\/de\/filmen-mit-einer-drohne\/","og_site_name":"Valais Film Commission","article_modified_time":"2024-05-17T09:52:45+00:00","og_image":[{"url":"https:\/\/valaisfilmcommission.ch\/wp-content\/uploads\/elementor\/thumbs\/Unknown-scaled-qmw7nq2tulemuofqsz5pojhyvt3toxi0xy0y47supc.jpg","type":"","width":"","height":""}],"twitter_card":"summary_large_image","twitter_site":"@ValaisFilmCom","twitter_misc":{"Gesch\u00e4tzte Lesezeit":"1\u00a0Minute"},"schema":{"@context":"https:\/\/schema.org","@graph":[{"@type":"WebPage","@id":"https:\/\/valaisfilmcommission.ch\/de\/filmen-mit-einer-drohne\/","url":"https:\/\/valaisfilmcommission.ch\/de\/filmen-mit-einer-drohne\/","name":"Filmen mit einer Drohne &#8211; Valais Film Commission","isPartOf":{"@id":"https:\/\/valaisfilmcommission.ch\/de\/#website"},"primaryImageOfPage":{"@id":"https:\/\/valaisfilmcommission.ch\/de\/filmen-mit-einer-drohne\/#primaryimage"},"image":{"@id":"https:\/\/valaisfilmcommission.ch\/de\/filmen-mit-einer-drohne\/#primaryimage"},"thumbnailUrl":"https:\/\/valaisfilmcommission.ch\/wp-content\/uploads\/elementor\/thumbs\/Unknown-scaled-qmw7nq2tulemuofqsz5pojhyvt3toxi0xy0y47supc.jpg","datePublished":"2024-05-17T09:52:22+00:00","dateModified":"2024-05-17T09:52:45+00:00","breadcrumb":{"@id":"https:\/\/valaisfilmcommission.ch\/de\/filmen-mit-einer-drohne\/#breadcrumb"},"inLanguage":"de","potentialAction":[{"@type":"ReadAction","target":["https:\/\/valaisfilmcommission.ch\/de\/filmen-mit-einer-drohne\/"]}]},{"@type":"ImageObject","inLanguage":"de","@id":"https:\/\/valaisfilmcommission.ch\/de\/filmen-mit-einer-drohne\/#primaryimage","url":"https:\/\/valaisfilmcommission.ch\/wp-content\/uploads\/elementor\/thumbs\/Unknown-scaled-qmw7nq2tulemuofqsz5pojhyvt3toxi0xy0y47supc.jpg","contentUrl":"https:\/\/valaisfilmcommission.ch\/wp-content\/uploads\/elementor\/thumbs\/Unknown-scaled-qmw7nq2tulemuofqsz5pojhyvt3toxi0xy0y47supc.jpg"},{"@type":"BreadcrumbList","@id":"https:\/\/valaisfilmcommission.ch\/de\/filmen-mit-einer-drohne\/#breadcrumb","itemListElement":[{"@type":"ListItem","position":1,"name":"Home","item":"https:\/\/valaisfilmcommission.ch\/de\/"},{"@type":"ListItem","position":2,"name":"Filmen mit einer Drohne"}]},{"@type":"WebSite","@id":"https:\/\/valaisfilmcommission.ch\/de\/#website","url":"https:\/\/valaisfilmcommission.ch\/de\/","name":"Valais Film Commission","description":"Soutien de l&#039;audiovisuel en Valais","publisher":{"@id":"https:\/\/valaisfilmcommission.ch\/de\/#organization"},"potentialAction":[{"@type":"SearchAction","target":{"@type":"EntryPoint","urlTemplate":"https:\/\/valaisfilmcommission.ch\/de\/?s={search_term_string}"},"query-input":{"@type":"PropertyValueSpecification","valueRequired":true,"valueName":"search_term_string"}}],"inLanguage":"de"},{"@type":"Organization","@id":"https:\/\/valaisfilmcommission.ch\/de\/#organization","name":"Valais Film Commission","url":"https:\/\/valaisfilmcommission.ch\/de\/","logo":{"@type":"ImageObject","inLanguage":"de","@id":"https:\/\/valaisfilmcommission.ch\/de\/#\/schema\/logo\/image\/","url":"https:\/\/valaisfilmcommission.ch\/wp-content\/uploads\/2020\/07\/Valais_FR.svg","contentUrl":"https:\/\/valaisfilmcommission.ch\/wp-content\/uploads\/2020\/07\/Valais_FR.svg","width":1,"height":1,"caption":"Valais Film Commission"},"image":{"@id":"https:\/\/valaisfilmcommission.ch\/de\/#\/schema\/logo\/image\/"},"sameAs":["https:\/\/x.com\/ValaisFilmCom","https:\/\/www.instagram.com\/valaisfilmcommission\/"]}]}},"_links":{"self":[{"href":"https:\/\/valaisfilmcommission.ch\/de\/wp-json\/wp\/v2\/pages\/9731","targetHints":{"allow":["GET"]}}],"collection":[{"href":"https:\/\/valaisfilmcommission.ch\/de\/wp-json\/wp\/v2\/pages"}],"about":[{"href":"https:\/\/valaisfilmcommission.ch\/de\/wp-json\/wp\/v2\/types\/page"}],"author":[{"embeddable":true,"href":"https:\/\/valaisfilmcommission.ch\/de\/wp-json\/wp\/v2\/users\/14"}],"replies":[{"embeddable":true,"href":"https:\/\/valaisfilmcommission.ch\/de\/wp-json\/wp\/v2\/comments?post=9731"}],"version-history":[{"count":9,"href":"https:\/\/valaisfilmcommission.ch\/de\/wp-json\/wp\/v2\/pages\/9731\/revisions"}],"predecessor-version":[{"id":9740,"href":"https:\/\/valaisfilmcommission.ch\/de\/wp-json\/wp\/v2\/pages\/9731\/revisions\/9740"}],"wp:attachment":[{"href":"https:\/\/valaisfilmcommission.ch\/de\/wp-json\/wp\/v2\/media?parent=9731"}],"curies":[{"name":"wp","href":"https:\/\/api.w.org\/{rel}","templated":true}]}}