{"id":8484,"date":"2023-09-01T08:57:10","date_gmt":"2023-09-01T06:57:10","guid":{"rendered":"https:\/\/valaisfilmcommission.ch\/?page_id=8484"},"modified":"2026-04-20T16:12:30","modified_gmt":"2026-04-20T14:12:30","slug":"impressum-und-datenschutz","status":"publish","type":"page","link":"https:\/\/valaisfilmcommission.ch\/de\/impressum-und-datenschutz\/","title":{"rendered":"Impressum und Datenschutz"},"content":{"rendered":"\t\t<div data-elementor-type=\"wp-page\" data-elementor-id=\"8484\" class=\"elementor elementor-8484 elementor-8480\" data-elementor-post-type=\"page\">\n\t\t\t\t\t\t<section class=\"elementor-section elementor-top-section elementor-element elementor-element-118fe3c0 elementor-section-boxed elementor-section-height-default elementor-section-height-default\" data-id=\"118fe3c0\" data-element_type=\"section\" data-e-type=\"section\">\n\t\t\t\t\t\t<div class=\"elementor-container elementor-column-gap-default\">\n\t\t\t\t\t<div class=\"elementor-column elementor-col-100 elementor-top-column elementor-element elementor-element-7aae6714\" data-id=\"7aae6714\" data-element_type=\"column\" data-e-type=\"column\">\n\t\t\t<div class=\"elementor-widget-wrap elementor-element-populated\">\n\t\t\t\t\t\t<div class=\"elementor-element elementor-element-12f50daf elementor-widget elementor-widget-text-editor\" data-id=\"12f50daf\" data-element_type=\"widget\" data-e-type=\"widget\" data-widget_type=\"text-editor.default\">\n\t\t\t\t<div class=\"elementor-widget-container\">\n\t\t\t\t\t\t\t\t\t<h2 data-section-id=\"ptm05i\" data-start=\"0\" data-end=\"23\">Datenschutzerkl\u00e4rung (Es gilt die franz\u00f6sische Fassung)<\/h2><h3 data-section-id=\"1pc4a0e\" data-start=\"25\" data-end=\"51\">Verantwortliche Stelle<\/h3><p data-start=\"53\" data-end=\"136\">Valais\/Wallis Promotion<br data-start=\"76\" data-end=\"79\" \/>Avenue de Tourbillon 11<br data-start=\"102\" data-end=\"105\" \/>Postfach 607<br data-start=\"117\" data-end=\"120\" \/>CH-1951 Sitten<\/p><p data-start=\"138\" data-end=\"188\">Tel. +41 27 327 36 00<br data-start=\"159\" data-end=\"162\" \/><a class=\"decorated-link cursor-pointer\" rel=\"noopener\" data-start=\"162\" data-end=\"186\">dataprotection@valais.ch<\/a><\/p><h3 data-section-id=\"11rr6c8\" data-start=\"195\" data-end=\"241\">Welche personenbezogenen Daten wir erheben<\/h3><p data-start=\"243\" data-end=\"505\">Wenn Sie die Website <a class=\"decorated-link\" href=\"https:\/\/valaisfilmcommission.ch\" target=\"_new\" rel=\"noopener\" data-start=\"264\" data-end=\"295\">https:\/\/valaisfilmcommission.ch<\/a> besuchen, erfassen wir automatisch bestimmte Informationen \u00fcber Ihr Ger\u00e4t, darunter Informationen \u00fcber Ihren Webbrowser, Ihre IP-Adresse, Ihre Zeitzone sowie einige der auf Ihrem Ger\u00e4t installierten Cookies.<\/p><p data-start=\"507\" data-end=\"857\">Dar\u00fcber hinaus erfassen wir w\u00e4hrend Ihrer Navigation auf der Website Informationen \u00fcber die einzelnen Webseiten oder Produkte, die Sie aufrufen, \u00fcber Websites oder Suchbegriffe, die Sie auf unsere Website gef\u00fchrt haben, sowie dar\u00fcber, wie Sie mit der Website interagieren. Diese automatisch erhobenen Daten bezeichnen wir als \u201eGer\u00e4teinformationen\u201c.<\/p><p data-start=\"859\" data-end=\"1138\">Zus\u00e4tzlich k\u00f6nnen wir personenbezogene Daten erfassen, die Sie uns freiwillig zur Verf\u00fcgung stellen (einschliesslich, aber nicht beschr\u00e4nkt auf Name, Vorname, Adresse, Zahlungsinformationen usw.), beispielsweise im Rahmen einer Registrierung, um einen Vertrag erf\u00fcllen zu k\u00f6nnen.<\/p><h3 data-section-id=\"8xhw18\" data-start=\"1145\" data-end=\"1166\">Cookie-Richtlinie<\/h3><p data-start=\"1168\" data-end=\"1336\">Ein Cookie ist eine kleine Datei, die von einer Website auf der Festplatte eines Nutzers gespeichert wird. Sie dient dazu, Daten \u00fcber das Nutzungsverhalten zu erfassen.<\/p><p data-start=\"1338\" data-end=\"1399\">Wir verwenden auf unserer Website folgende Arten von Cookies:<\/p><p data-start=\"1401\" data-end=\"1573\"><strong data-start=\"1401\" data-end=\"1424\">Funktionale Cookies<\/strong><br data-start=\"1424\" data-end=\"1427\" \/>Diese werden verwendet, um Ihre Einstellungen und Auswahl auf unserer Website zu speichern, damit diese bei zuk\u00fcnftigen Besuchen erhalten bleiben.<\/p><p data-start=\"1575\" data-end=\"1775\"><strong data-start=\"1575\" data-end=\"1598\">Analytische Cookies<\/strong><br data-start=\"1598\" data-end=\"1601\" \/>Diese erm\u00f6glichen es uns, Design und Funktionalit\u00e4t unserer Website zu verbessern, indem wir Daten dar\u00fcber sammeln, auf welche Inhalte Sie zugreifen und wie Sie diese nutzen.<\/p><p data-start=\"1777\" data-end=\"2004\">Sie k\u00f6nnen w\u00e4hlen, ob Sie jedes Mal benachrichtigt werden m\u00f6chten, wenn ein Cookie gesetzt wird. Sie k\u00f6nnen Cookies auch vollst\u00e4ndig in Ihrem Internetbrowser deaktivieren. Dies kann jedoch die Benutzererfahrung beeintr\u00e4chtigen.<\/p><h3 data-section-id=\"17xktq1\" data-start=\"2011\" data-end=\"2047\">Warum wir Ihre Daten verarbeiten<\/h3><p data-start=\"2049\" data-end=\"2233\">Die Sicherheit der Kundendaten hat f\u00fcr uns oberste Priorit\u00e4t. Daher verarbeiten wir nur die minimal notwendigen Nutzerdaten, soweit dies f\u00fcr den Betrieb der Website erforderlich ist.<\/p><p data-start=\"2235\" data-end=\"2530\">Automatisch erhobene Informationen werden ausschliesslich verwendet, um potenzielle Missbrauchsf\u00e4lle zu erkennen und statistische Informationen \u00fcber die Nutzung der Website zu erstellen. Diese statistischen Daten werden nicht so zusammengef\u00fchrt, dass einzelne Nutzer identifiziert werden k\u00f6nnen.<\/p><p data-start=\"2532\" data-end=\"2646\">Sie k\u00f6nnen unsere Website besuchen, ohne uns mitzuteilen, wer Sie sind oder personenbezogene Daten preiszugeben.<\/p><p data-start=\"2648\" data-end=\"2901\">Wenn Sie jedoch bestimmte Funktionen nutzen m\u00f6chten \u2013 etwa den Newsletter abonnieren oder ein Formular ausf\u00fcllen \u2013 k\u00f6nnen Sie uns personenbezogene Daten wie E-Mail-Adresse, Vorname, Name, Wohnort, Organisation oder Telefonnummer zur Verf\u00fcgung stellen.<\/p><p data-start=\"2903\" data-end=\"3124\">Sie k\u00f6nnen sich entscheiden, uns diese Daten nicht bereitzustellen. In diesem Fall stehen Ihnen jedoch m\u00f6glicherweise bestimmte Funktionen der Website nicht zur Verf\u00fcgung (z. B. Newsletter oder direkte Kontaktaufnahme).<\/p><p data-start=\"3126\" data-end=\"3242\">Wenn Sie unsicher sind, welche Angaben erforderlich sind, kontaktieren Sie uns bitte unter <a class=\"decorated-link cursor-pointer\" rel=\"noopener\" data-start=\"3217\" data-end=\"3241\">dataprotection@valais.ch<\/a>.<\/p><h3 data-section-id=\"ng3zy5\" data-start=\"3249\" data-end=\"3264\">Ihre Rechte<\/h3><p data-start=\"3266\" data-end=\"3384\">Wenn Sie in der Europ\u00e4ischen Union ans\u00e4ssig sind, haben Sie folgende Rechte in Bezug auf Ihre personenbezogenen Daten:<\/p><ul data-start=\"3386\" data-end=\"3662\"><li data-section-id=\"jrv0hq\" data-start=\"3386\" data-end=\"3411\">Recht auf Information<\/li><li data-section-id=\"1pzktnb\" data-start=\"3412\" data-end=\"3434\">Recht auf Auskunft<\/li><li data-section-id=\"oqy0kj\" data-start=\"3435\" data-end=\"3461\">Recht auf Berichtigung<\/li><li data-section-id=\"8ks72k\" data-start=\"3462\" data-end=\"3484\">Recht auf L\u00f6schung<\/li><li data-section-id=\"11nj6hs\" data-start=\"3485\" data-end=\"3529\">Recht auf Einschr\u00e4nkung der Verarbeitung<\/li><li data-section-id=\"1ke817n\" data-start=\"3530\" data-end=\"3564\">Recht auf Daten\u00fcbertragbarkeit<\/li><li data-section-id=\"lmvgs1\" data-start=\"3565\" data-end=\"3586\">Widerspruchsrecht<\/li><li data-section-id=\"s3kbvm\" data-start=\"3587\" data-end=\"3662\">Rechte im Zusammenhang mit automatisierten Entscheidungen und Profiling<\/li><\/ul><p data-start=\"3664\" data-end=\"3777\">Wenn Sie eines dieser Rechte aus\u00fcben m\u00f6chten, kontaktieren Sie uns bitte \u00fcber die unten angegebenen Kontaktdaten.<\/p><p data-start=\"3779\" data-end=\"3990\">Dar\u00fcber hinaus verarbeiten wir Ihre Daten \u2013 sofern Sie in der EU ans\u00e4ssig sind \u2013 zur Erf\u00fcllung von Vertr\u00e4gen (z. B. bei Bestellungen \u00fcber die Website) oder zur Wahrung unserer berechtigten Gesch\u00e4ftsinteressen.<\/p><p data-start=\"3992\" data-end=\"4120\">Bitte beachten Sie, dass Ihre Daten auch ausserhalb Europas, insbesondere nach Kanada und in die USA, \u00fcbermittelt werden k\u00f6nnen.<\/p><h3 data-section-id=\"1nca05h\" data-start=\"4127\" data-end=\"4156\">Links zu anderen Websites<\/h3><p data-start=\"4158\" data-end=\"4271\">Unsere Website kann Links zu externen Websites enthalten, die nicht von uns betrieben oder kontrolliert werden.<\/p><p data-start=\"4273\" data-end=\"4491\">Wir sind nicht verantwortlich f\u00fcr die Datenschutzpraktiken dieser Drittanbieter. Wir empfehlen Ihnen, beim Verlassen unserer Website die Datenschutzerkl\u00e4rungen jeder Website zu lesen, die personenbezogene Daten erhebt.<\/p><h3 data-section-id=\"100adr\" data-start=\"4498\" data-end=\"4524\">Informationssicherheit<\/h3><p data-start=\"4526\" data-end=\"4722\">Wir sichern die von Ihnen bereitgestellten Informationen auf Computerservern in einer kontrollierten und gesch\u00fctzten Umgebung, die vor unbefugtem Zugriff, Nutzung oder Offenlegung gesch\u00fctzt ist.<\/p><p data-start=\"4724\" data-end=\"4914\">Wir treffen angemessene administrative, technische und physische Sicherheitsmassnahmen, um personenbezogene Daten vor unbefugtem Zugriff, Nutzung, Ver\u00e4nderung oder Offenlegung zu sch\u00fctzen.<\/p><p data-start=\"4916\" data-end=\"5025\">Dennoch kann keine Daten\u00fcbertragung \u00fcber das Internet oder drahtlose Netzwerke vollst\u00e4ndig garantiert werden.<\/p><h3 data-section-id=\"1fmt2dd\" data-start=\"5032\" data-end=\"5059\">Gesetzliche Offenlegung<\/h3><p data-start=\"5061\" data-end=\"5473\">Wir geben personenbezogene Daten weiter, wenn wir gesetzlich dazu verpflichtet oder berechtigt sind, z. B. zur Einhaltung einer Vorladung oder eines \u00e4hnlichen rechtlichen Verfahrens, oder wenn wir in gutem Glauben davon ausgehen, dass dies notwendig ist, um unsere Rechte zu sch\u00fctzen, Ihre Sicherheit oder die Sicherheit anderer zu gew\u00e4hrleisten, Betrug zu untersuchen oder auf beh\u00f6rdliche Anfragen zu reagieren.<\/p><h3 data-section-id=\"7xwz9i\" data-start=\"5480\" data-end=\"5491\">Kontakt<\/h3><p data-start=\"5493\" data-end=\"5643\">Wenn Sie mehr \u00fcber diese Datenschutzerkl\u00e4rung erfahren m\u00f6chten oder Fragen zu Ihren personenbezogenen Daten haben, kontaktieren Sie uns bitte unter:<\/p><p data-start=\"5645\" data-end=\"5671\"><a class=\"decorated-link cursor-pointer\" rel=\"noopener\" data-start=\"5645\" data-end=\"5669\">dataprotection@valais.ch<\/a><\/p><h3 data-section-id=\"l6lv2d\" data-start=\"5678\" data-end=\"5738\">E-Mail-Benachrichtigungen f\u00fcr Kleinanzeigen und Castings<\/h3><p data-start=\"5740\" data-end=\"5905\">Wenn Sie sich f\u00fcr E-Mail-Benachrichtigungen zu Kleinanzeigen oder Castings anmelden, verarbeiten wir Ihre E-Mail-Adresse, um Sie \u00fcber neue Inserate zu informieren.<\/p><p data-start=\"5907\" data-end=\"6014\">Sie k\u00f6nnen sich jederzeit \u00fcber den Abmeldelink in jeder E-Mail oder durch Kontaktaufnahme mit uns abmelden.<\/p><h3 data-section-id=\"g2u78h\" data-start=\"6021\" data-end=\"6067\">Pressemitteilungen und Medieninformationen<\/h3><p data-start=\"6069\" data-end=\"6189\">Die Valais Film Commission kann Pressemitteilungen und Medieninformationen an relevante berufliche Kontakte versenden.<\/p><p data-start=\"6191\" data-end=\"6385\">F\u00fcr den Versand und die technische Abwicklung dieser Mitteilungen kann sie die Dienste, Tools und Infrastrukturen von Valais\/Wallis Promotion sowie beauftragte technische Dienstleister nutzen.<\/p><p data-start=\"6387\" data-end=\"6530\">Betroffene Personen k\u00f6nnen dem Erhalt dieser Mitteilungen jederzeit widersprechen oder den Abmeldelink in den entsprechenden E-Mails verwenden.<\/p><h3 data-section-id=\"1evj10r\" data-start=\"6537\" data-end=\"6565\">Erg\u00e4nzende Informationen<\/h3><p data-start=\"6567\" data-end=\"6751\" data-is-last-node=\"\" data-is-only-node=\"\">F\u00fcr bestimmte technische Datenverarbeitungen durch Valais\/Wallis Promotion k\u00f6nnen zus\u00e4tzliche Informationen auch in der <a href=\"https:\/\/www.valais.ch\/de\/informationen\/datenschutz-und-cookie-richtlinien\">Datenschutzerkl\u00e4rung<\/a> von Valais\/Wallis Promotion enthalten sein.<\/p>\t\t\t\t\t\t\t\t<\/div>\n\t\t\t\t<\/div>\n\t\t\t\t\t<\/div>\n\t\t<\/div>\n\t\t\t\t\t<\/div>\n\t\t<\/section>\n\t\t\t\t<\/div>\n\t\t","protected":false},"excerpt":{"rendered":"<p>Datenschutzerkl\u00e4rung (Es gilt die franz\u00f6sische Fassung) Verantwortliche Stelle Valais\/Wallis PromotionAvenue de Tourbillon 11Postfach 607CH-1951 Sitten Tel. +41 27 327 36 00dataprotection@valais.ch Welche personenbezogenen Daten wir erheben Wenn Sie die Website https:\/\/valaisfilmcommission.ch besuchen, erfassen wir automatisch bestimmte Informationen \u00fcber Ihr Ger\u00e4t, darunter Informationen \u00fcber Ihren Webbrowser, Ihre IP-Adresse, Ihre Zeitzone sowie einige der auf Ihrem Ger\u00e4t [&hellip;]<\/p>\n","protected":false},"author":14,"featured_media":0,"parent":0,"menu_order":0,"comment_status":"closed","ping_status":"closed","template":"","meta":{"_acf_changed":false,"footnotes":""},"class_list":["post-8484","page","type-page","status-publish","hentry"],"acf":[],"yoast_head":"<!-- This site is optimized with the Yoast SEO plugin v27.5 - https:\/\/yoast.com\/product\/yoast-seo-wordpress\/ -->\n<title>Impressum und Datenschutz &#8211; Valais Film Commission<\/title>\n<meta name=\"robots\" content=\"index, follow, max-snippet:-1, max-image-preview:large, max-video-preview:-1\" \/>\n<link rel=\"canonical\" href=\"https:\/\/valaisfilmcommission.ch\/de\/impressum-und-datenschutz\/\" \/>\n<meta property=\"og:locale\" content=\"de_DE\" \/>\n<meta property=\"og:type\" content=\"article\" \/>\n<meta property=\"og:title\" content=\"Impressum und Datenschutz &#8211; Valais Film Commission\" \/>\n<meta property=\"og:description\" content=\"Datenschutzerkl\u00e4rung (Es gilt die franz\u00f6sische Fassung) Verantwortliche Stelle Valais\/Wallis PromotionAvenue de Tourbillon 11Postfach 607CH-1951 Sitten Tel. +41 27 327 36 00dataprotection@valais.ch Welche personenbezogenen Daten wir erheben Wenn Sie die Website https:\/\/valaisfilmcommission.ch besuchen, erfassen wir automatisch bestimmte Informationen \u00fcber Ihr Ger\u00e4t, darunter Informationen \u00fcber Ihren Webbrowser, Ihre IP-Adresse, Ihre Zeitzone sowie einige der auf Ihrem Ger\u00e4t [&hellip;]\" \/>\n<meta property=\"og:url\" content=\"https:\/\/valaisfilmcommission.ch\/de\/impressum-und-datenschutz\/\" \/>\n<meta property=\"og:site_name\" content=\"Valais Film Commission\" \/>\n<meta property=\"article:modified_time\" content=\"2026-04-20T14:12:30+00:00\" \/>\n<meta name=\"twitter:card\" content=\"summary_large_image\" \/>\n<meta name=\"twitter:site\" content=\"@ValaisFilmCom\" \/>\n<meta name=\"twitter:label1\" content=\"Gesch\u00e4tzte Lesezeit\" \/>\n\t<meta name=\"twitter:data1\" content=\"5\u00a0Minuten\" \/>\n<script type=\"application\/ld+json\" class=\"yoast-schema-graph\">{\"@context\":\"https:\\\/\\\/schema.org\",\"@graph\":[{\"@type\":\"WebPage\",\"@id\":\"https:\\\/\\\/valaisfilmcommission.ch\\\/de\\\/impressum-und-datenschutz\\\/\",\"url\":\"https:\\\/\\\/valaisfilmcommission.ch\\\/de\\\/impressum-und-datenschutz\\\/\",\"name\":\"Impressum und Datenschutz &#8211; Valais Film Commission\",\"isPartOf\":{\"@id\":\"https:\\\/\\\/valaisfilmcommission.ch\\\/de\\\/#website\"},\"datePublished\":\"2023-09-01T06:57:10+00:00\",\"dateModified\":\"2026-04-20T14:12:30+00:00\",\"breadcrumb\":{\"@id\":\"https:\\\/\\\/valaisfilmcommission.ch\\\/de\\\/impressum-und-datenschutz\\\/#breadcrumb\"},\"inLanguage\":\"de\",\"potentialAction\":[{\"@type\":\"ReadAction\",\"target\":[\"https:\\\/\\\/valaisfilmcommission.ch\\\/de\\\/impressum-und-datenschutz\\\/\"]}]},{\"@type\":\"BreadcrumbList\",\"@id\":\"https:\\\/\\\/valaisfilmcommission.ch\\\/de\\\/impressum-und-datenschutz\\\/#breadcrumb\",\"itemListElement\":[{\"@type\":\"ListItem\",\"position\":1,\"name\":\"Home\",\"item\":\"https:\\\/\\\/valaisfilmcommission.ch\\\/de\\\/\"},{\"@type\":\"ListItem\",\"position\":2,\"name\":\"Impressum und Datenschutz\"}]},{\"@type\":\"WebSite\",\"@id\":\"https:\\\/\\\/valaisfilmcommission.ch\\\/de\\\/#website\",\"url\":\"https:\\\/\\\/valaisfilmcommission.ch\\\/de\\\/\",\"name\":\"Valais Film Commission\",\"description\":\"Soutien de l&#039;audiovisuel en Valais\",\"publisher\":{\"@id\":\"https:\\\/\\\/valaisfilmcommission.ch\\\/de\\\/#organization\"},\"potentialAction\":[{\"@type\":\"SearchAction\",\"target\":{\"@type\":\"EntryPoint\",\"urlTemplate\":\"https:\\\/\\\/valaisfilmcommission.ch\\\/de\\\/?s={search_term_string}\"},\"query-input\":{\"@type\":\"PropertyValueSpecification\",\"valueRequired\":true,\"valueName\":\"search_term_string\"}}],\"inLanguage\":\"de\"},{\"@type\":\"Organization\",\"@id\":\"https:\\\/\\\/valaisfilmcommission.ch\\\/de\\\/#organization\",\"name\":\"Valais Film Commission\",\"url\":\"https:\\\/\\\/valaisfilmcommission.ch\\\/de\\\/\",\"logo\":{\"@type\":\"ImageObject\",\"inLanguage\":\"de\",\"@id\":\"https:\\\/\\\/valaisfilmcommission.ch\\\/de\\\/#\\\/schema\\\/logo\\\/image\\\/\",\"url\":\"https:\\\/\\\/valaisfilmcommission.ch\\\/wp-content\\\/uploads\\\/2020\\\/07\\\/Valais_FR.svg\",\"contentUrl\":\"https:\\\/\\\/valaisfilmcommission.ch\\\/wp-content\\\/uploads\\\/2020\\\/07\\\/Valais_FR.svg\",\"width\":1,\"height\":1,\"caption\":\"Valais Film Commission\"},\"image\":{\"@id\":\"https:\\\/\\\/valaisfilmcommission.ch\\\/de\\\/#\\\/schema\\\/logo\\\/image\\\/\"},\"sameAs\":[\"https:\\\/\\\/x.com\\\/ValaisFilmCom\",\"https:\\\/\\\/www.instagram.com\\\/valaisfilmcommission\\\/\"]}]}<\/script>\n<!-- \/ Yoast SEO plugin. -->","yoast_head_json":{"title":"Impressum und Datenschutz &#8211; Valais Film Commission","robots":{"index":"index","follow":"follow","max-snippet":"max-snippet:-1","max-image-preview":"max-image-preview:large","max-video-preview":"max-video-preview:-1"},"canonical":"https:\/\/valaisfilmcommission.ch\/de\/impressum-und-datenschutz\/","og_locale":"de_DE","og_type":"article","og_title":"Impressum und Datenschutz &#8211; Valais Film Commission","og_description":"Datenschutzerkl\u00e4rung (Es gilt die franz\u00f6sische Fassung) Verantwortliche Stelle Valais\/Wallis PromotionAvenue de Tourbillon 11Postfach 607CH-1951 Sitten Tel. +41 27 327 36 00dataprotection@valais.ch Welche personenbezogenen Daten wir erheben Wenn Sie die Website https:\/\/valaisfilmcommission.ch besuchen, erfassen wir automatisch bestimmte Informationen \u00fcber Ihr Ger\u00e4t, darunter Informationen \u00fcber Ihren Webbrowser, Ihre IP-Adresse, Ihre Zeitzone sowie einige der auf Ihrem Ger\u00e4t [&hellip;]","og_url":"https:\/\/valaisfilmcommission.ch\/de\/impressum-und-datenschutz\/","og_site_name":"Valais Film Commission","article_modified_time":"2026-04-20T14:12:30+00:00","twitter_card":"summary_large_image","twitter_site":"@ValaisFilmCom","twitter_misc":{"Gesch\u00e4tzte Lesezeit":"5\u00a0Minuten"},"schema":{"@context":"https:\/\/schema.org","@graph":[{"@type":"WebPage","@id":"https:\/\/valaisfilmcommission.ch\/de\/impressum-und-datenschutz\/","url":"https:\/\/valaisfilmcommission.ch\/de\/impressum-und-datenschutz\/","name":"Impressum und Datenschutz &#8211; Valais Film Commission","isPartOf":{"@id":"https:\/\/valaisfilmcommission.ch\/de\/#website"},"datePublished":"2023-09-01T06:57:10+00:00","dateModified":"2026-04-20T14:12:30+00:00","breadcrumb":{"@id":"https:\/\/valaisfilmcommission.ch\/de\/impressum-und-datenschutz\/#breadcrumb"},"inLanguage":"de","potentialAction":[{"@type":"ReadAction","target":["https:\/\/valaisfilmcommission.ch\/de\/impressum-und-datenschutz\/"]}]},{"@type":"BreadcrumbList","@id":"https:\/\/valaisfilmcommission.ch\/de\/impressum-und-datenschutz\/#breadcrumb","itemListElement":[{"@type":"ListItem","position":1,"name":"Home","item":"https:\/\/valaisfilmcommission.ch\/de\/"},{"@type":"ListItem","position":2,"name":"Impressum und Datenschutz"}]},{"@type":"WebSite","@id":"https:\/\/valaisfilmcommission.ch\/de\/#website","url":"https:\/\/valaisfilmcommission.ch\/de\/","name":"Valais Film Commission","description":"Soutien de l&#039;audiovisuel en Valais","publisher":{"@id":"https:\/\/valaisfilmcommission.ch\/de\/#organization"},"potentialAction":[{"@type":"SearchAction","target":{"@type":"EntryPoint","urlTemplate":"https:\/\/valaisfilmcommission.ch\/de\/?s={search_term_string}"},"query-input":{"@type":"PropertyValueSpecification","valueRequired":true,"valueName":"search_term_string"}}],"inLanguage":"de"},{"@type":"Organization","@id":"https:\/\/valaisfilmcommission.ch\/de\/#organization","name":"Valais Film Commission","url":"https:\/\/valaisfilmcommission.ch\/de\/","logo":{"@type":"ImageObject","inLanguage":"de","@id":"https:\/\/valaisfilmcommission.ch\/de\/#\/schema\/logo\/image\/","url":"https:\/\/valaisfilmcommission.ch\/wp-content\/uploads\/2020\/07\/Valais_FR.svg","contentUrl":"https:\/\/valaisfilmcommission.ch\/wp-content\/uploads\/2020\/07\/Valais_FR.svg","width":1,"height":1,"caption":"Valais Film Commission"},"image":{"@id":"https:\/\/valaisfilmcommission.ch\/de\/#\/schema\/logo\/image\/"},"sameAs":["https:\/\/x.com\/ValaisFilmCom","https:\/\/www.instagram.com\/valaisfilmcommission\/"]}]}},"_links":{"self":[{"href":"https:\/\/valaisfilmcommission.ch\/de\/wp-json\/wp\/v2\/pages\/8484","targetHints":{"allow":["GET"]}}],"collection":[{"href":"https:\/\/valaisfilmcommission.ch\/de\/wp-json\/wp\/v2\/pages"}],"about":[{"href":"https:\/\/valaisfilmcommission.ch\/de\/wp-json\/wp\/v2\/types\/page"}],"author":[{"embeddable":true,"href":"https:\/\/valaisfilmcommission.ch\/de\/wp-json\/wp\/v2\/users\/14"}],"replies":[{"embeddable":true,"href":"https:\/\/valaisfilmcommission.ch\/de\/wp-json\/wp\/v2\/comments?post=8484"}],"version-history":[{"count":13,"href":"https:\/\/valaisfilmcommission.ch\/de\/wp-json\/wp\/v2\/pages\/8484\/revisions"}],"predecessor-version":[{"id":10873,"href":"https:\/\/valaisfilmcommission.ch\/de\/wp-json\/wp\/v2\/pages\/8484\/revisions\/10873"}],"wp:attachment":[{"href":"https:\/\/valaisfilmcommission.ch\/de\/wp-json\/wp\/v2\/media?parent=8484"}],"curies":[{"name":"wp","href":"https:\/\/api.w.org\/{rel}","templated":true}]}}