{"id":7744,"date":"2022-11-16T15:38:35","date_gmt":"2022-11-16T14:38:35","guid":{"rendered":"https:\/\/valaisfilmcommission.ch\/?page_id=7744"},"modified":"2022-11-16T15:38:36","modified_gmt":"2022-11-16T14:38:36","slug":"provider-form","status":"publish","type":"page","link":"https:\/\/valaisfilmcommission.ch\/de\/provider-form\/","title":{"rendered":"Provider form"},"content":{"rendered":"\t\t<div data-elementor-type=\"wp-page\" data-elementor-id=\"7744\" class=\"elementor elementor-7744 elementor-7726\" data-elementor-post-type=\"page\">\n\t\t\t\t\t\t<section class=\"elementor-section elementor-top-section elementor-element elementor-element-c52156d elementor-section-boxed elementor-section-height-default elementor-section-height-default\" data-id=\"c52156d\" data-element_type=\"section\" data-e-type=\"section\">\n\t\t\t\t\t\t<div class=\"elementor-container elementor-column-gap-default\">\n\t\t\t\t\t<div class=\"elementor-column elementor-col-100 elementor-top-column elementor-element elementor-element-80bfaa5\" data-id=\"80bfaa5\" data-element_type=\"column\" data-e-type=\"column\">\n\t\t\t<div class=\"elementor-widget-wrap elementor-element-populated\">\n\t\t\t\t\t\t<div class=\"elementor-element elementor-element-20e9157 elementor-widget elementor-widget-shortcode\" data-id=\"20e9157\" data-element_type=\"widget\" data-e-type=\"widget\" data-widget_type=\"shortcode.default\">\n\t\t\t\t<div class=\"elementor-widget-container\">\n\t\t\t\t\t\t\t<div class=\"elementor-shortcode\"><script src=\"https:\/\/valaisfilmcommission.ch\/wp-content\/plugins\/valais-film-services-prestataires\/template\/..\/js\/vue.min.js\"><\/script>\r\n<script src=\"https:\/\/valaisfilmcommission.ch\/wp-content\/plugins\/valais-film-services-prestataires\/template\/..\/js\/axios.min.js\"><\/script>\r\n<style>\r\n    \/* STYLE *\/\r\n    .infobox {\r\n        margin-top: 15px;\r\n        margin-bottom: 15px;\r\n        border-radius: 3px;\r\n        padding: 15px;\r\n    }\r\n\r\n    .success {\r\n        background-color: #C5E8B7;\r\n    }\r\n\r\n    .error {\r\n        background-color: #F9817B;\r\n    }\r\n\r\n    .bloc-form {\r\n        background: white;\r\n        padding: 20px 15px 20px 15px;\r\n        border-radius: 3px;\r\n        margin-top: 15px;\r\n        display: flex;\r\n        justify-content: space-between;\r\n        gap: 10px;\r\n        flex-direction: row;\r\n        flex-wrap: wrap;\r\n    }\r\n\r\n    .bloc-sector {\r\n        background: white;\r\n        padding: 20px 15px 20px 15px;\r\n        border-radius: 3px;\r\n        margin-top: 15px;\r\n        display: flex;\r\n        gap: 10px;\r\n        flex-direction: column;\r\n    }\r\n\r\n    .line-cat {\r\n        display: flex;\r\n        gap: 15px;\r\n    }\r\n\r\n    .line-cat > select {\r\n        width: 385px;\r\n    }\r\n\r\n    .bloc-form select, input[type=text] {\r\n        width: 288px;\r\n    }\r\n\r\n    .bloc-form textarea {\r\n        width: 100%;\r\n    }\r\n\r\n    h2 {\r\n        margin-top: 34px;\r\n    }\r\n\r\n    .ttle-falc {\r\n        display: inline-block;\r\n    }\r\n\r\n    .bloc-send {\r\n        margin-top: 15px;\r\n    }\r\n\r\n    input[type=\"submit\"] {\r\n        margin-top: 15px;\r\n        margin-bottom: 34px;\r\n    }\r\n\r\n    input[type=\"checkbox\"] {\r\n    }\r\n\r\n    #dl-file {\r\n        opacity: 0;\r\n        position: absolute;\r\n        z-index: -1;\r\n    }\r\n\r\n    #upload-logo {\r\n        display: flex;\r\n        gap: 15px;\r\n        align-items: center;\r\n        font-size: 14px;\r\n        line-height: 15px;\r\n        margin-top: 10px;\r\n        cursor: pointer;\r\n    }\r\n\r\n    .checkbox-container {\r\n        line-height: 16px;\r\n        margin-bottom: 9px;\r\n        display: flex;\r\n        gap: 5px;\r\n    }\r\n    .ctrl-link {\r\n      font-weight: 500;\r\n      text-decoration: underline !important;\r\n    }\r\n\r\n    \/* RESPONSIVE CSS *\/\r\n    @media only screen and (max-width: 934px) {\r\n        .bloc-form select, input[type=text] {\r\n            width: 48%;\r\n            justify-content: flex-start;\r\n        }\r\n\r\n    }\r\n\r\n    @media only screen and (max-width: 600px) {\r\n        .bloc-form select, input[type=text] {\r\n            width: 100%;\r\n        }\r\n\r\n        .line-cat {\r\n            flex-direction: column;\r\n        }\r\n\r\n        .line-cat > select {\r\n            width: 100%;\r\n        }\r\n    }\r\n\r\n    \/* \/RESPONSIVE CSS *\/\r\n<\/style>\r\n\r\n<div id='divWpVue'>\r\n    <p>Um der Datenbank \"Dienstleistungen und Dienstleister\" der Walliser Filmkommission beizutreten, f\u00fcllen Sie bitte das folgende Formular aus und senden Sie es an uns weiter. Nach der \u00dcberpr\u00fcfung werden Ihre Dienste online gestellt und allen Produktionsfirmen angeboten, die planen, im Wallis zu drehen. <\/p>\r\n    <form @submit=\"submitForm\">\r\n        <h2>Branche<\/h2>\r\n        <div class=\"bloc-sector\">\r\n            <div class=\"line-cat\" v-for=\"(categorie, index) in categoriesSelected\" :key=\"index + '-' + selectValueKey\">\r\n                <select @input=\"refresh(true)\" id=\"cat1\" required v-model=\"categoriesSelected[index]['cat1']\">\r\n                    <option :value=\"null\" disabled selected>Kategorie der Aktivit\u00e4t<\/option>\r\n                    <option :value=\"categorie\" v-for=\"categorie in categories1\">{{ categorie.nom }}<\/option>\r\n                <\/select>\r\n                <select @input=\"refresh(true)\" id=\"cat2\" required :disabled=\"!categoriesSelected[index]['cat1']\" v-model=\"categoriesSelected[index]['cat2']\">\r\n                    <option :value=\"null\" disabled selected>Unterkategorie<\/option>\r\n                    <template v-if=\"categoriesSelected[index]['cat1']\">\r\n                        <option :value=\"categorie\" v-for=\"categorie in categoriesSelected[index]['cat1'].sous_categories\">{{ categorie.nom }}<\/option>\r\n                    <\/template>\r\n                <\/select>\r\n                <a class=\"ctrl-link delete\" style=\"cursor: pointer;\" @click=\"deleteCategorie(index)\">L\u00f6schen<\/a>\r\n            <\/div>\r\n            <a class=\"ctrl-link\" style=\"cursor: pointer;\" v-if=\"categoriesSelected.length < 3\" @click=\"addCategorie\">F\u00fcgen Sie eine Branche<\/a>\r\n        <\/div>\r\n\r\n        <h2>Informationen<\/h2>\r\n        <div class=\"bloc-form\">\r\n            <input type=\"text\" :required=\"(item.raison_sociale && item.raison_sociale.id !== 3) ? true : false\" v-model=\"item.nom_entreprise\" id=\"company\" placeholder=\"Unternehmen\">\r\n            <input type=\"text\" :required=\"(item.raison_sociale && item.raison_sociale.id === 3) ? true : false\" v-model=\"item.nom\" id=\"nom\" placeholder=\"Name\">\r\n            <input type=\"text\" :required=\"(item.raison_sociale && item.raison_sociale.id === 3) ? true : false\" v-model=\"item.prenom\" id=\"prenom\" placeholder=\"Vorname\">\r\n            <input type=\"text\" required v-model=\"item.adresse\" id=\"adresse\" placeholder=\"Adresse\">\r\n            <select id=\"raison_sociale\" required v-model=\"item.raison_sociale_id\">\r\n                <option :value=\"null\" disabled selected>Firmenname<\/option>\r\n                <option :value=\"raison.id\" v-for=\"raison in raisonsSociales\">{{ raison.nom }}<\/option>\r\n            <\/select>\r\n            <!-- <input type=\"text\" v-model=\"item.case_postale\" id=\"cp\" placeholder=\"Postfach\"> -->\r\n            <select id=\"city\" required v-model=\"item.commune_id\">\r\n                <option :value=\"null\" disabled selected>Ort<\/option>\r\n                <option :value=\"commune.id\" v-for=\"commune in communes\">{{ commune.nom }}<\/option>\r\n            <\/select>\r\n\r\n            <input type=\"text\" required v-model=\"item.email\" id=\"email\" placeholder=\"E-Mail\">\r\n            <input type=\"text\" required v-model=\"item.site\" id=\"site\" placeholder=\"Website\">\r\n            <input type=\"text\" required v-model=\"item.telephone\" id=\"telephone\" placeholder=\"Telefon\">\r\n\r\n        <\/div>\r\n\r\n        <h2 class=\"ttle-falc\">Beschreibung &amp; Logo<\/h2>\r\n        <span>Facultatif<\/span>\r\n        <div class=\"bloc-form\">\r\n            <textarea id=\"dsc-fr\" v-model=\"item.description_fr\" placeholder=\"Deutsche Beschreibung\"><\/textarea>\r\n            <textarea id=\"dsc-en\" v-model=\"item.description_en\" placeholder=\"Englische Beschreibung\"><\/textarea>\r\n            <textarea id=\"dsc-de\" v-model=\"item.description_de\" placeholder=\"Deutsche Beschreibung\"><\/textarea>\r\n            <input @change=\"handlePhoto($event.target.files)\" accept=\"image\/*\" type=\"file\" id=\"dl-file\" name=\"dl-file\"\/>\r\n            <label id=\"upload-logo\" for=\"dl-file\">\r\n                <img decoding=\"async\" src=\"..\/..\/wp-content\/plugins\/valais-film-services-prestataires\/template\/media\/ico-dl.svg\">\r\n                <div class=\"dl-info-text\">\r\n                    <span style=\"font-weight:bold;\">Ihr Logo hochladen<br\/><\/span>\r\n                    <span style=\"color:#858585;\">\r\n                            <template v-if=\"!item.file\">\r\n                                4Mb max                            <\/template>\r\n                            <template v-else>\r\n                                {{ item.file.name }}\r\n                            <\/template>\r\n                        <\/span>\r\n                <\/div>\r\n            <\/label>\r\n        <\/div>\r\n        <div class=\"bloc-send\">\r\n            <div class=\"checkbox-container\">\r\n                <input type=\"checkbox\" id=\"check-cgv\" v-model=\"checkSvg\" name=\"check sgv\" required>\r\n                <label for=\"check-cgv\" style=\"cursor:pointer;\">Ich best\u00e4tige, die gesetzlichen Bestimmungen zur Valais Film Commission (Richtlinien und Guidelines) zur Kenntnis genommen zu haben und bin damit einverstanden, dass die oben beschriebenen Daten zu meiner Person oder meinem Unternehmen auf der Website der Valais Film Commission erscheinen und unter der Registerkarte \"Anbieter und Dienstleistungen\" auf dieser Website \u00f6ffentlich frei zug\u00e4nglich sind.<\/label>\r\n            <\/div>\r\n            <div class=\"checkbox-container\">\r\n                <input type=\"checkbox\" id=\"check-iswallis\" v-model=\"item.valais\" name=\"check iswallis\">\r\n                <label for=\"check-iswallis\" style=\"cursor:pointer;\">Ich best\u00e4tige, dass ich im Sinne der Guidelines der Valais Film Commission im Wallis wohnhaft bin \/ den Sitz meines Unternehmens im Wallis habe.<\/label>\r\n            <\/div>\r\n            <div class=\"checkbox-container\">\r\n                <input type=\"checkbox\" id=\"inscription_mail\" name=\"inscription_mail\" v-model=\"item.inscription_mail\" >\r\n                <label for=\"inscription_mail\">Indem ich dieses K\u00e4stchen ankreuze, stimme ich zu, E-Mail-Benachrichtigungen zu erhalten<\/label>\r\n            <\/div>\r\n\r\n            <div class=\"infobox error\" v-if=\"errors\">\r\n                <b>Die folgenden Fehler sind aufgetreten:<\/b><br\/>\r\n                <template v-for=\"error in errors\">\r\n                    <span v-for=\"element in error\">- {{ element }}<br\/><\/span>\r\n                <\/template>\r\n            <\/div>\r\n\r\n            <div class=\"infobox success\" v-if=\"success\">\r\n                <b>Ihre Anfrage wurde erfolgreich registriert!<\/b><br\/>\r\n                Sie muss noch von den Kuratoren best\u00e4tigt werden. Sie werden per E-Mail kontaktiert.            <\/div>\r\n\r\n            <input type=\"submit\" value=\"Senden\">\r\n        <\/div>\r\n    <\/form>\r\n<\/div>\r\n<script>\r\n\r\n  const siteUrl = 'https:\/\/valaisfilmcommission.ch'\r\n\r\n  let ADMIN_URL = 'https:\/\/valais-film-dev.webap.ch\/api\/'\r\n  if (siteUrl === 'https:\/\/valaisfilmcommission.ch')\r\n    ADMIN_URL = 'https:\/\/valais-film.webap.ch\/api\/'\r\n\r\n  console.log(ADMIN_URL)\r\n\r\n  \/\/ start app\r\n  new Vue({\r\n    el: \"#divWpVue\",\r\n    data: {\r\n      item: {\r\n        categories: [],\r\n        raison_sociale: null,\r\n        raison_sociale_id: null,\r\n        commune_id: null,\r\n        file: null,\r\n        valais: false\r\n      },\r\n      language: 'de',\r\n      categories1: [],\r\n      raisonsSociales: [],\r\n      communes: [],\r\n      errors: null,\r\n      success: false,\r\n      checkSvg: false,\r\n      categoriesSelected: [],\r\n      selectValueKey: 0\r\n    },\r\n    created () {\r\n      let _this = this\r\n      let params = '?language=' + this.language\r\n      _this.addCategorie()\r\n\r\n      axios.get(ADMIN_URL + 'categorie-prestataire-1' + params)\r\n        .then(response => {\r\n          _this.categories1 = response.data.data;\r\n        })\r\n        .catch(function (response) {\r\n          console.log(response)\r\n        });\r\n\r\n      axios.get(ADMIN_URL + 'raisons-sociales' + params)\r\n        .then(response => {\r\n          _this.raisonsSociales = response.data.data;\r\n        })\r\n        .catch(function (response) {\r\n          console.log(response)\r\n        });\r\n\r\n      axios.get(ADMIN_URL + 'communes' + params)\r\n        .then(response => {\r\n          _this.communes = response.data.data\r\n        })\r\n        .catch(function (response) {\r\n          console.log(response)\r\n        });\r\n    },\r\n    methods: {\r\n      submitForm (e) {\r\n        e.preventDefault();\r\n        let _this = this\r\n        let params = '?language=' + this.language\r\n\r\n        let formData = new FormData();\r\n        Object.keys(this.item).forEach(fieldName => {\r\n          if (this.item[fieldName] && this.item[fieldName] !== undefined)\r\n            formData.append(fieldName, this.item[fieldName])\r\n        })\r\n\r\n        formData.append('raison_sociale', this.item.raison_sociale ? this.item.raison_sociale.id : null);\r\n        formData.append('valais', this.item.valais ? 1 : 0);\r\n\r\n        this.categoriesSelected.forEach((element, index) => {\r\n\r\n          if (element.cat1 && element.cat1.id) {\r\n            formData.append('categoriesSelected[' + index + '][cat1]', element.cat1.id);\r\n          }\r\n          if (element.cat2 && element.cat1.id) {\r\n            formData.append('categoriesSelected[' + index + '][cat2]', element.cat2.id);\r\n          }\r\n        });\r\n\r\n        axios({\r\n          method: 'POST',\r\n          url: ADMIN_URL + 'prestataires' + params,\r\n          data: formData,\r\n          headers: {\"Content-Type\": \"multipart\/form-data\"},\r\n        })\r\n          .then(function (response) {\r\n            _this.errors = null\r\n            _this.success = true\r\n            _this.item = {}\r\n            _this.item = {\r\n              categories: [],\r\n              raison_sociale: null,\r\n              raison_sociale_id: null,\r\n              commune_id: null,\r\n              file: null,\r\n              valais: false\r\n            }\r\n            _this.categoriesSelected = []\r\n            _this.addCategorie()\r\n            _this.refresh()\r\n            _this.checkSvg = false\r\n          })\r\n          .catch(function (response) {\r\n            _this.errors = response.response.data.errors\r\n            _this.success = false\r\n          })\r\n      },\r\n      handlePhoto (files) {\r\n        this.item.file = files[0]\r\n      },\r\n      addCategorie () {\r\n        this.categoriesSelected[this.categoriesSelected.length] = {\r\n          cat1: null,\r\n          cat2: null\r\n        }\r\n        this.refresh()\r\n      },\r\n      deleteCategorie (index) {\r\n        if (this.categoriesSelected.length > 1) {\r\n          this.categoriesSelected.splice(index, 1)\r\n        } else {\r\n          this.categoriesSelected.splice(index, 1)\r\n          this.addCategorie()\r\n        }\r\n        this.refresh()\r\n      },\r\n      refresh (delay = false) {\r\n        if (delay) {\r\n          setTimeout(() => {\r\n            this.selectValueKey += 1\r\n          }, 200)\r\n        } else {\r\n          this.selectValueKey += 1\r\n        }\r\n      }\r\n    }\r\n  })\r\n\r\n<\/script>\r\n<\/div>\n\t\t\t\t\t\t<\/div>\n\t\t\t\t<\/div>\n\t\t\t\t\t<\/div>\n\t\t<\/div>\n\t\t\t\t\t<\/div>\n\t\t<\/section>\n\t\t\t\t<\/div>\n\t\t","protected":false},"excerpt":{"rendered":"","protected":false},"author":1,"featured_media":0,"parent":0,"menu_order":0,"comment_status":"closed","ping_status":"closed","template":"","meta":{"_acf_changed":false,"footnotes":""},"class_list":["post-7744","page","type-page","status-publish","hentry"],"acf":[],"yoast_head":"<!-- This site is optimized with the Yoast SEO plugin v27.3 - https:\/\/yoast.com\/product\/yoast-seo-wordpress\/ -->\n<title>Provider form &#8211; Valais Film Commission<\/title>\n<meta name=\"robots\" content=\"index, follow, max-snippet:-1, max-image-preview:large, max-video-preview:-1\" \/>\n<link rel=\"canonical\" href=\"https:\/\/valaisfilmcommission.ch\/de\/provider-form\/\" \/>\n<meta property=\"og:locale\" content=\"de_DE\" \/>\n<meta property=\"og:type\" content=\"article\" \/>\n<meta property=\"og:title\" content=\"Provider form &#8211; Valais Film Commission\" \/>\n<meta property=\"og:url\" content=\"https:\/\/valaisfilmcommission.ch\/de\/provider-form\/\" \/>\n<meta property=\"og:site_name\" content=\"Valais Film Commission\" \/>\n<meta property=\"article:modified_time\" content=\"2022-11-16T14:38:36+00:00\" \/>\n<meta name=\"twitter:card\" content=\"summary_large_image\" \/>\n<meta name=\"twitter:site\" content=\"@ValaisFilmCom\" \/>\n<meta name=\"twitter:label1\" content=\"Gesch\u00e4tzte Lesezeit\" \/>\n\t<meta name=\"twitter:data1\" content=\"1\u00a0Minute\" \/>\n<script type=\"application\/ld+json\" class=\"yoast-schema-graph\">{\"@context\":\"https:\\\/\\\/schema.org\",\"@graph\":[{\"@type\":\"WebPage\",\"@id\":\"https:\\\/\\\/valaisfilmcommission.ch\\\/de\\\/provider-form\\\/\",\"url\":\"https:\\\/\\\/valaisfilmcommission.ch\\\/de\\\/provider-form\\\/\",\"name\":\"Provider form &#8211; Valais Film Commission\",\"isPartOf\":{\"@id\":\"https:\\\/\\\/valaisfilmcommission.ch\\\/de\\\/#website\"},\"datePublished\":\"2022-11-16T14:38:35+00:00\",\"dateModified\":\"2022-11-16T14:38:36+00:00\",\"breadcrumb\":{\"@id\":\"https:\\\/\\\/valaisfilmcommission.ch\\\/de\\\/provider-form\\\/#breadcrumb\"},\"inLanguage\":\"de\",\"potentialAction\":[{\"@type\":\"ReadAction\",\"target\":[\"https:\\\/\\\/valaisfilmcommission.ch\\\/de\\\/provider-form\\\/\"]}]},{\"@type\":\"BreadcrumbList\",\"@id\":\"https:\\\/\\\/valaisfilmcommission.ch\\\/de\\\/provider-form\\\/#breadcrumb\",\"itemListElement\":[{\"@type\":\"ListItem\",\"position\":1,\"name\":\"Home\",\"item\":\"https:\\\/\\\/valaisfilmcommission.ch\\\/de\\\/\"},{\"@type\":\"ListItem\",\"position\":2,\"name\":\"Provider form\"}]},{\"@type\":\"WebSite\",\"@id\":\"https:\\\/\\\/valaisfilmcommission.ch\\\/de\\\/#website\",\"url\":\"https:\\\/\\\/valaisfilmcommission.ch\\\/de\\\/\",\"name\":\"Valais Film Commission\",\"description\":\"Soutien de l&#039;audiovisuel en Valais\",\"publisher\":{\"@id\":\"https:\\\/\\\/valaisfilmcommission.ch\\\/de\\\/#organization\"},\"potentialAction\":[{\"@type\":\"SearchAction\",\"target\":{\"@type\":\"EntryPoint\",\"urlTemplate\":\"https:\\\/\\\/valaisfilmcommission.ch\\\/de\\\/?s={search_term_string}\"},\"query-input\":{\"@type\":\"PropertyValueSpecification\",\"valueRequired\":true,\"valueName\":\"search_term_string\"}}],\"inLanguage\":\"de\"},{\"@type\":\"Organization\",\"@id\":\"https:\\\/\\\/valaisfilmcommission.ch\\\/de\\\/#organization\",\"name\":\"Valais Film Commission\",\"url\":\"https:\\\/\\\/valaisfilmcommission.ch\\\/de\\\/\",\"logo\":{\"@type\":\"ImageObject\",\"inLanguage\":\"de\",\"@id\":\"https:\\\/\\\/valaisfilmcommission.ch\\\/de\\\/#\\\/schema\\\/logo\\\/image\\\/\",\"url\":\"https:\\\/\\\/valaisfilmcommission.ch\\\/wp-content\\\/uploads\\\/2020\\\/07\\\/Valais_FR.svg\",\"contentUrl\":\"https:\\\/\\\/valaisfilmcommission.ch\\\/wp-content\\\/uploads\\\/2020\\\/07\\\/Valais_FR.svg\",\"width\":1,\"height\":1,\"caption\":\"Valais Film Commission\"},\"image\":{\"@id\":\"https:\\\/\\\/valaisfilmcommission.ch\\\/de\\\/#\\\/schema\\\/logo\\\/image\\\/\"},\"sameAs\":[\"https:\\\/\\\/x.com\\\/ValaisFilmCom\",\"https:\\\/\\\/www.instagram.com\\\/valaisfilmcommission\\\/\"]}]}<\/script>\n<!-- \/ Yoast SEO plugin. -->","yoast_head_json":{"title":"Provider form &#8211; Valais Film Commission","robots":{"index":"index","follow":"follow","max-snippet":"max-snippet:-1","max-image-preview":"max-image-preview:large","max-video-preview":"max-video-preview:-1"},"canonical":"https:\/\/valaisfilmcommission.ch\/de\/provider-form\/","og_locale":"de_DE","og_type":"article","og_title":"Provider form &#8211; Valais Film Commission","og_url":"https:\/\/valaisfilmcommission.ch\/de\/provider-form\/","og_site_name":"Valais Film Commission","article_modified_time":"2022-11-16T14:38:36+00:00","twitter_card":"summary_large_image","twitter_site":"@ValaisFilmCom","twitter_misc":{"Gesch\u00e4tzte Lesezeit":"1\u00a0Minute"},"schema":{"@context":"https:\/\/schema.org","@graph":[{"@type":"WebPage","@id":"https:\/\/valaisfilmcommission.ch\/de\/provider-form\/","url":"https:\/\/valaisfilmcommission.ch\/de\/provider-form\/","name":"Provider form &#8211; Valais Film Commission","isPartOf":{"@id":"https:\/\/valaisfilmcommission.ch\/de\/#website"},"datePublished":"2022-11-16T14:38:35+00:00","dateModified":"2022-11-16T14:38:36+00:00","breadcrumb":{"@id":"https:\/\/valaisfilmcommission.ch\/de\/provider-form\/#breadcrumb"},"inLanguage":"de","potentialAction":[{"@type":"ReadAction","target":["https:\/\/valaisfilmcommission.ch\/de\/provider-form\/"]}]},{"@type":"BreadcrumbList","@id":"https:\/\/valaisfilmcommission.ch\/de\/provider-form\/#breadcrumb","itemListElement":[{"@type":"ListItem","position":1,"name":"Home","item":"https:\/\/valaisfilmcommission.ch\/de\/"},{"@type":"ListItem","position":2,"name":"Provider form"}]},{"@type":"WebSite","@id":"https:\/\/valaisfilmcommission.ch\/de\/#website","url":"https:\/\/valaisfilmcommission.ch\/de\/","name":"Valais Film Commission","description":"Soutien de l&#039;audiovisuel en Valais","publisher":{"@id":"https:\/\/valaisfilmcommission.ch\/de\/#organization"},"potentialAction":[{"@type":"SearchAction","target":{"@type":"EntryPoint","urlTemplate":"https:\/\/valaisfilmcommission.ch\/de\/?s={search_term_string}"},"query-input":{"@type":"PropertyValueSpecification","valueRequired":true,"valueName":"search_term_string"}}],"inLanguage":"de"},{"@type":"Organization","@id":"https:\/\/valaisfilmcommission.ch\/de\/#organization","name":"Valais Film Commission","url":"https:\/\/valaisfilmcommission.ch\/de\/","logo":{"@type":"ImageObject","inLanguage":"de","@id":"https:\/\/valaisfilmcommission.ch\/de\/#\/schema\/logo\/image\/","url":"https:\/\/valaisfilmcommission.ch\/wp-content\/uploads\/2020\/07\/Valais_FR.svg","contentUrl":"https:\/\/valaisfilmcommission.ch\/wp-content\/uploads\/2020\/07\/Valais_FR.svg","width":1,"height":1,"caption":"Valais Film Commission"},"image":{"@id":"https:\/\/valaisfilmcommission.ch\/de\/#\/schema\/logo\/image\/"},"sameAs":["https:\/\/x.com\/ValaisFilmCom","https:\/\/www.instagram.com\/valaisfilmcommission\/"]}]}},"_links":{"self":[{"href":"https:\/\/valaisfilmcommission.ch\/de\/wp-json\/wp\/v2\/pages\/7744","targetHints":{"allow":["GET"]}}],"collection":[{"href":"https:\/\/valaisfilmcommission.ch\/de\/wp-json\/wp\/v2\/pages"}],"about":[{"href":"https:\/\/valaisfilmcommission.ch\/de\/wp-json\/wp\/v2\/types\/page"}],"author":[{"embeddable":true,"href":"https:\/\/valaisfilmcommission.ch\/de\/wp-json\/wp\/v2\/users\/1"}],"replies":[{"embeddable":true,"href":"https:\/\/valaisfilmcommission.ch\/de\/wp-json\/wp\/v2\/comments?post=7744"}],"version-history":[{"count":1,"href":"https:\/\/valaisfilmcommission.ch\/de\/wp-json\/wp\/v2\/pages\/7744\/revisions"}],"predecessor-version":[{"id":7745,"href":"https:\/\/valaisfilmcommission.ch\/de\/wp-json\/wp\/v2\/pages\/7744\/revisions\/7745"}],"wp:attachment":[{"href":"https:\/\/valaisfilmcommission.ch\/de\/wp-json\/wp\/v2\/media?parent=7744"}],"curies":[{"name":"wp","href":"https:\/\/api.w.org\/{rel}","templated":true}]}}