{"id":6841,"date":"2022-07-28T11:09:09","date_gmt":"2022-07-28T09:09:09","guid":{"rendered":"https:\/\/valaisfilmcommission.ch\/ueber-uns\/"},"modified":"2025-09-15T11:16:59","modified_gmt":"2025-09-15T09:16:59","slug":"ueber-uns","status":"publish","type":"page","link":"https:\/\/valaisfilmcommission.ch\/de\/ueber-uns\/","title":{"rendered":"\u00dcber uns"},"content":{"rendered":"\t\t<div data-elementor-type=\"wp-page\" data-elementor-id=\"6841\" class=\"elementor elementor-6841 elementor-1675\" data-elementor-post-type=\"page\">\n\t\t\t\t\t\t<section class=\"elementor-section elementor-top-section elementor-element elementor-element-359348b8 elementor-section-boxed elementor-section-height-default elementor-section-height-default\" data-id=\"359348b8\" data-element_type=\"section\" data-e-type=\"section\">\n\t\t\t\t\t\t<div class=\"elementor-container elementor-column-gap-default\">\n\t\t\t\t\t<div class=\"elementor-column elementor-col-100 elementor-top-column elementor-element elementor-element-2673e29b\" data-id=\"2673e29b\" data-element_type=\"column\" data-e-type=\"column\">\n\t\t\t<div class=\"elementor-widget-wrap elementor-element-populated\">\n\t\t\t\t\t\t<div class=\"elementor-element elementor-element-a187af3 elementor-widget elementor-widget-video\" data-id=\"a187af3\" data-element_type=\"widget\" data-e-type=\"widget\" data-settings=\"{&quot;youtube_url&quot;:&quot;https:\\\/\\\/www.youtube.com\\\/watch?v=H-dliNfD7EE&quot;,&quot;video_type&quot;:&quot;youtube&quot;,&quot;controls&quot;:&quot;yes&quot;}\" data-widget_type=\"video.default\">\n\t\t\t\t<div class=\"elementor-widget-container\">\n\t\t\t\t\t\t\t<div class=\"elementor-wrapper elementor-open-inline\">\n\t\t\t<div class=\"elementor-video\"><\/div>\t\t<\/div>\n\t\t\t\t\t\t<\/div>\n\t\t\t\t<\/div>\n\t\t\t\t<div class=\"elementor-element elementor-element-62a4df11 elementor-widget elementor-widget-text-editor\" data-id=\"62a4df11\" data-element_type=\"widget\" data-e-type=\"widget\" data-widget_type=\"text-editor.default\">\n\t\t\t\t<div class=\"elementor-widget-container\">\n\t\t\t\t\t\t\t\t\t<p>Die Valais Film Commission ist eine Einrichtung, die den f\u00fcr Kultur und Wirtschaft zust\u00e4ndigen Departementen des Kantons Wallis unterstellt ist. Sie besteht aus einer strategischen Kommission und einem operativen B\u00fcro.<\/p><p><strong>Aufgaben der Valais Film Commission:<\/strong><\/p><ul><li>Filmproduktionen im Kanton betreuen, begleiten und unterst\u00fctzen, wobei kulturelle und wirtschaftliche Belange in einem ausgewogenen Verh\u00e4ltnis zueinander stehen sollen;<\/li><li>durch die Produktion und Schaffung von Filmen zur St\u00e4rkung des Images des Kantons beitragen;<\/li><li>direkte und indirekte wirtschaftliche Auswirkungen im Zusammenhang mit der Filmindustrie im Wallis beg\u00fcnstigen;<\/li><li>die Herausbildung einer lokalen Filmindustrie f\u00f6rdern und an der Entwicklung der Berufe in diesem Bereich mitwirken.<\/li><\/ul>\t\t\t\t\t\t\t\t<\/div>\n\t\t\t\t<\/div>\n\t\t\t\t\t<\/div>\n\t\t<\/div>\n\t\t\t\t\t<\/div>\n\t\t<\/section>\n\t\t\t\t<section class=\"elementor-section elementor-top-section elementor-element elementor-element-e5b8b84 elementor-section-boxed elementor-section-height-default elementor-section-height-default\" data-id=\"e5b8b84\" data-element_type=\"section\" data-e-type=\"section\">\n\t\t\t\t\t\t<div class=\"elementor-container elementor-column-gap-default\">\n\t\t\t\t\t<div class=\"elementor-column elementor-col-100 elementor-top-column elementor-element elementor-element-8b233ce\" data-id=\"8b233ce\" data-element_type=\"column\" data-e-type=\"column\">\n\t\t\t<div class=\"elementor-widget-wrap elementor-element-populated\">\n\t\t\t\t\t\t<div class=\"elementor-element elementor-element-5262647 elementor-widget elementor-widget-heading\" data-id=\"5262647\" data-element_type=\"widget\" data-e-type=\"widget\" data-widget_type=\"heading.default\">\n\t\t\t\t<div class=\"elementor-widget-container\">\n\t\t\t\t\t<h2 class=\"elementor-heading-title elementor-size-default\">Das Team<\/h2>\t\t\t\t<\/div>\n\t\t\t\t<\/div>\n\t\t\t\t<section class=\"elementor-section elementor-inner-section elementor-element elementor-element-601c056 elementor-section-boxed elementor-section-height-default elementor-section-height-default\" data-id=\"601c056\" data-element_type=\"section\" data-e-type=\"section\">\n\t\t\t\t\t\t<div class=\"elementor-container elementor-column-gap-default\">\n\t\t\t\t\t<div class=\"elementor-column elementor-col-100 elementor-inner-column elementor-element elementor-element-3e1bebb\" data-id=\"3e1bebb\" data-element_type=\"column\" data-e-type=\"column\">\n\t\t\t<div class=\"elementor-widget-wrap elementor-element-populated\">\n\t\t\t\t\t\t<div class=\"elementor-element elementor-element-529124e elementor-position-left elementor-vertical-align-middle elementor-widget-tablet__width-initial elementor-widget__width-initial elementor-widget elementor-widget-image-box\" data-id=\"529124e\" data-element_type=\"widget\" data-e-type=\"widget\" data-widget_type=\"image-box.default\">\n\t\t\t\t<div class=\"elementor-widget-container\">\n\t\t\t\t\t<div class=\"elementor-image-box-wrapper\"><figure class=\"elementor-image-box-img\"><img decoding=\"async\" width=\"150\" height=\"150\" src=\"https:\/\/valaisfilmcommission.ch\/wp-content\/uploads\/2024\/12\/Tristan-150x150.jpg\" class=\"attachment-thumbnail size-thumbnail wp-image-10111\" alt=\"\" \/><\/figure><div class=\"elementor-image-box-content\"><h3 class=\"elementor-image-box-title\">Tristan Albrecht<\/h3><p class=\"elementor-image-box-description\">Head Film Commissioner<br \/>\n<a>+41 77 447 07 20<\/a><br \/>\n<a href=\"mailto:tristan.albrecht@valais.ch\">tristan.albrecht@valais.ch<\/a>\n<\/p><\/div><\/div>\t\t\t\t<\/div>\n\t\t\t\t<\/div>\n\t\t\t\t\t<\/div>\n\t\t<\/div>\n\t\t\t\t\t<\/div>\n\t\t<\/section>\n\t\t\t\t<section class=\"elementor-section elementor-inner-section elementor-element elementor-element-c48118c elementor-section-boxed elementor-section-height-default elementor-section-height-default\" data-id=\"c48118c\" data-element_type=\"section\" data-e-type=\"section\">\n\t\t\t\t\t\t<div class=\"elementor-container elementor-column-gap-default\">\n\t\t\t\t\t<div class=\"elementor-column elementor-col-50 elementor-inner-column elementor-element elementor-element-c921ba3\" data-id=\"c921ba3\" data-element_type=\"column\" data-e-type=\"column\">\n\t\t\t<div class=\"elementor-widget-wrap elementor-element-populated\">\n\t\t\t\t\t\t<div class=\"elementor-element elementor-element-b768c24 elementor-position-left elementor-vertical-align-middle elementor-widget elementor-widget-image-box\" data-id=\"b768c24\" data-element_type=\"widget\" data-e-type=\"widget\" data-widget_type=\"image-box.default\">\n\t\t\t\t<div class=\"elementor-widget-container\">\n\t\t\t\t\t<div class=\"elementor-image-box-wrapper\"><figure class=\"elementor-image-box-img\"><img decoding=\"async\" width=\"150\" height=\"150\" src=\"https:\/\/valaisfilmcommission.ch\/wp-content\/uploads\/2024\/12\/Laude-Camille-150x150.jpg\" class=\"attachment-thumbnail size-thumbnail wp-image-10108\" alt=\"\" \/><\/figure><div class=\"elementor-image-box-content\"><h3 class=\"elementor-image-box-title\">Laude-Camille Chanton<\/h3><p class=\"elementor-image-box-description\">Media &amp; Communication manager<br \/>\n<a>+41 27 327 36 12<\/a><br \/>\n<a href=\"mailto:laude-camille.chanton@valais.ch\">laude-camille.chanton@valais.ch<\/a>\n<\/p><\/div><\/div>\t\t\t\t<\/div>\n\t\t\t\t<\/div>\n\t\t\t\t\t<\/div>\n\t\t<\/div>\n\t\t\t\t<div class=\"elementor-column elementor-col-50 elementor-inner-column elementor-element elementor-element-74ac2d2\" data-id=\"74ac2d2\" data-element_type=\"column\" data-e-type=\"column\">\n\t\t\t<div class=\"elementor-widget-wrap elementor-element-populated\">\n\t\t\t\t\t\t<div class=\"elementor-element elementor-element-92a8146 elementor-position-left elementor-vertical-align-middle elementor-widget elementor-widget-image-box\" data-id=\"92a8146\" data-element_type=\"widget\" data-e-type=\"widget\" data-widget_type=\"image-box.default\">\n\t\t\t\t<div class=\"elementor-widget-container\">\n\t\t\t\t\t<div class=\"elementor-image-box-wrapper\"><figure class=\"elementor-image-box-img\"><img decoding=\"async\" width=\"150\" height=\"150\" src=\"https:\/\/valaisfilmcommission.ch\/wp-content\/uploads\/2024\/12\/Patric-150x150.jpg\" class=\"attachment-thumbnail size-thumbnail wp-image-10114\" alt=\"\" \/><\/figure><div class=\"elementor-image-box-content\"><h3 class=\"elementor-image-box-title\">Patric Zenklusen<\/h3><p class=\"elementor-image-box-description\">Film Commissioner<br \/>\n<a>+41 78 819 77 75<\/a><br \/>\n<a href=\"mailto:zenklusenpatric@gmail.com\">zenklusenpatric@gmail.com<\/a>\n<\/p><\/div><\/div>\t\t\t\t<\/div>\n\t\t\t\t<\/div>\n\t\t\t\t\t<\/div>\n\t\t<\/div>\n\t\t\t\t\t<\/div>\n\t\t<\/section>\n\t\t\t\t\t<\/div>\n\t\t<\/div>\n\t\t\t\t\t<\/div>\n\t\t<\/section>\n\t\t\t\t<section class=\"elementor-section elementor-top-section elementor-element elementor-element-28042f2 elementor-section-stretched elementor-section-height-min-height elementor-section-items-top elementor-section-boxed elementor-section-height-default\" data-id=\"28042f2\" data-element_type=\"section\" data-e-type=\"section\" data-settings=\"{&quot;stretch_section&quot;:&quot;section-stretched&quot;,&quot;background_background&quot;:&quot;classic&quot;}\">\n\t\t\t\t\t\t<div class=\"elementor-container elementor-column-gap-default\">\n\t\t\t\t\t<div class=\"elementor-column elementor-col-50 elementor-top-column elementor-element elementor-element-e8faf32\" data-id=\"e8faf32\" data-element_type=\"column\" data-e-type=\"column\" data-settings=\"{&quot;background_background&quot;:&quot;classic&quot;}\">\n\t\t\t<div class=\"elementor-widget-wrap elementor-element-populated\">\n\t\t\t\t\t\t<section class=\"elementor-section elementor-inner-section elementor-element elementor-element-fd45dc7 elementor-section-full_width elementor-section-content-middle elementor-section-height-default elementor-section-height-default\" data-id=\"fd45dc7\" data-element_type=\"section\" data-e-type=\"section\">\n\t\t\t\t\t\t<div class=\"elementor-container elementor-column-gap-default\">\n\t\t\t\t\t<div class=\"elementor-column elementor-col-100 elementor-inner-column elementor-element elementor-element-0929523\" data-id=\"0929523\" data-element_type=\"column\" data-e-type=\"column\" data-settings=\"{&quot;background_background&quot;:&quot;classic&quot;}\">\n\t\t\t<div class=\"elementor-widget-wrap elementor-element-populated\">\n\t\t\t\t\t\t<div class=\"elementor-element elementor-element-fc57541 elementor-widget elementor-widget-heading\" data-id=\"fc57541\" data-element_type=\"widget\" data-e-type=\"widget\" data-widget_type=\"heading.default\">\n\t\t\t\t<div class=\"elementor-widget-container\">\n\t\t\t\t\t<h2 class=\"elementor-heading-title elementor-size-default\">Anbieter und Dienstleistungsverzeichnis<\/h2>\t\t\t\t<\/div>\n\t\t\t\t<\/div>\n\t\t\t\t\t<\/div>\n\t\t<\/div>\n\t\t\t\t\t<\/div>\n\t\t<\/section>\n\t\t\t\t<section class=\"elementor-section elementor-inner-section elementor-element elementor-element-3ea1eb9 elementor-section-full_width elementor-section-height-default elementor-section-height-default\" data-id=\"3ea1eb9\" data-element_type=\"section\" data-e-type=\"section\">\n\t\t\t\t\t\t<div class=\"elementor-container elementor-column-gap-default\">\n\t\t\t\t\t<div class=\"elementor-column elementor-col-100 elementor-inner-column elementor-element elementor-element-cf8e281\" data-id=\"cf8e281\" data-element_type=\"column\" data-e-type=\"column\">\n\t\t\t<div class=\"elementor-widget-wrap elementor-element-populated\">\n\t\t\t\t\t\t<div class=\"elementor-element elementor-element-21bb95a elementor-align-left elementor-widget elementor-widget-button\" data-id=\"21bb95a\" data-element_type=\"widget\" data-e-type=\"widget\" data-widget_type=\"button.default\">\n\t\t\t\t<div class=\"elementor-widget-container\">\n\t\t\t\t\t\t\t\t\t<div class=\"elementor-button-wrapper\">\n\t\t\t\t\t<a class=\"elementor-button elementor-button-link elementor-size-sm\" href=\"https:\/\/valaisfilmcommission.ch\/de\/services-prestataires\/\">\n\t\t\t\t\t\t<span class=\"elementor-button-content-wrapper\">\n\t\t\t\t\t\t<span class=\"elementor-button-icon\">\n\t\t\t\t<svg xmlns=\"http:\/\/www.w3.org\/2000\/svg\" xmlns:xlink=\"http:\/\/www.w3.org\/1999\/xlink\" id=\"Calque_1\" x=\"0px\" y=\"0px\" viewBox=\"0 0 114.5 114.5\" style=\"enable-background:new 0 0 114.5 114.5;\" xml:space=\"preserve\"><style type=\"text\/css\">\t.st0{fill:#A8091A;}\t.st1{fill:#FFFFFF;}<\/style><circle id=\"Ellipse_2\" class=\"st0\" cx=\"57.25\" cy=\"57.25\" r=\"57.25\"><\/circle><path class=\"st1\" d=\"M49.31,78.66c-0.67,0-1.33-0.25-1.84-0.76c-1.02-1.02-1.02-2.66,0-3.68l16.97-16.97L47.47,40.28  c-1.02-1.02-1.02-2.66,0-3.68c1.02-1.02,2.66-1.02,3.68,0L71.8,57.25L51.15,77.9C50.64,78.41,49.97,78.66,49.31,78.66z\"><\/path><\/svg>\t\t\t<\/span>\n\t\t\t\t\t\t\t\t\t<span class=\"elementor-button-text\">Jetzt entdecken<\/span>\n\t\t\t\t\t<\/span>\n\t\t\t\t\t<\/a>\n\t\t\t\t<\/div>\n\t\t\t\t\t\t\t\t<\/div>\n\t\t\t\t<\/div>\n\t\t\t\t\t<\/div>\n\t\t<\/div>\n\t\t\t\t\t<\/div>\n\t\t<\/section>\n\t\t\t\t\t<\/div>\n\t\t<\/div>\n\t\t\t\t<div class=\"elementor-column elementor-col-50 elementor-top-column elementor-element elementor-element-fa1d4a2\" data-id=\"fa1d4a2\" data-element_type=\"column\" data-e-type=\"column\">\n\t\t\t<div class=\"elementor-widget-wrap\">\n\t\t\t\t\t\t\t<\/div>\n\t\t<\/div>\n\t\t\t\t\t<\/div>\n\t\t<\/section>\n\t\t\t\t<\/div>\n\t\t","protected":false},"excerpt":{"rendered":"<p>https:\/\/www.youtube.com\/watch?v=H-dliNfD7EE Die Valais Film Commission ist eine Einrichtung, die den f\u00fcr Kultur und Wirtschaft zust\u00e4ndigen Departementen des Kantons Wallis unterstellt ist. Sie besteht aus einer strategischen Kommission und einem operativen B\u00fcro. Aufgaben der Valais Film Commission: Filmproduktionen im Kanton betreuen, begleiten und unterst\u00fctzen, wobei kulturelle und wirtschaftliche Belange in einem ausgewogenen Verh\u00e4ltnis zueinander stehen sollen; [&hellip;]<\/p>\n","protected":false},"author":1,"featured_media":6641,"parent":0,"menu_order":0,"comment_status":"closed","ping_status":"closed","template":"","meta":{"_acf_changed":false,"footnotes":""},"class_list":["post-6841","page","type-page","status-publish","has-post-thumbnail","hentry"],"acf":[],"yoast_head":"<!-- This site is optimized with the Yoast SEO plugin v27.5 - https:\/\/yoast.com\/product\/yoast-seo-wordpress\/ -->\n<title>\u00dcber uns &#8211; Valais Film Commission<\/title>\n<meta name=\"description\" content=\"Die Valais Film Commission ist eine Struktur, die mit den f\u00fcr Kultur und Wirtschaft zust\u00e4ndigen Departementen des Kantons Wallis verbunden ist.\" \/>\n<meta name=\"robots\" content=\"index, follow, max-snippet:-1, max-image-preview:large, max-video-preview:-1\" \/>\n<link rel=\"canonical\" href=\"https:\/\/valaisfilmcommission.ch\/de\/ueber-uns\/\" \/>\n<meta property=\"og:locale\" content=\"de_DE\" \/>\n<meta property=\"og:type\" content=\"article\" \/>\n<meta property=\"og:title\" content=\"\u00dcber uns &#8211; Valais Film Commission\" \/>\n<meta property=\"og:description\" content=\"Die Valais Film Commission ist eine Struktur, die mit den f\u00fcr Kultur und Wirtschaft zust\u00e4ndigen Departementen des Kantons Wallis verbunden ist.\" \/>\n<meta property=\"og:url\" content=\"https:\/\/valaisfilmcommission.ch\/de\/ueber-uns\/\" \/>\n<meta property=\"og:site_name\" content=\"Valais Film Commission\" \/>\n<meta property=\"article:modified_time\" content=\"2025-09-15T09:16:59+00:00\" \/>\n<meta property=\"og:image\" content=\"https:\/\/valaisfilmcommission.ch\/wp-content\/uploads\/2022\/07\/Actualie\u0301s_bandeau-du-haut-light.jpg\" \/>\n\t<meta property=\"og:image:width\" content=\"2100\" \/>\n\t<meta property=\"og:image:height\" content=\"1389\" \/>\n\t<meta property=\"og:image:type\" content=\"image\/jpeg\" \/>\n<meta name=\"twitter:card\" content=\"summary_large_image\" \/>\n<meta name=\"twitter:site\" content=\"@ValaisFilmCom\" \/>\n<meta name=\"twitter:label1\" content=\"Gesch\u00e4tzte Lesezeit\" \/>\n\t<meta name=\"twitter:data1\" content=\"2\u00a0Minuten\" \/>\n<script type=\"application\/ld+json\" class=\"yoast-schema-graph\">{\"@context\":\"https:\\\/\\\/schema.org\",\"@graph\":[{\"@type\":\"WebPage\",\"@id\":\"https:\\\/\\\/valaisfilmcommission.ch\\\/de\\\/ueber-uns\\\/\",\"url\":\"https:\\\/\\\/valaisfilmcommission.ch\\\/de\\\/ueber-uns\\\/\",\"name\":\"\u00dcber uns &#8211; Valais Film Commission\",\"isPartOf\":{\"@id\":\"https:\\\/\\\/valaisfilmcommission.ch\\\/de\\\/#website\"},\"primaryImageOfPage\":{\"@id\":\"https:\\\/\\\/valaisfilmcommission.ch\\\/de\\\/ueber-uns\\\/#primaryimage\"},\"image\":{\"@id\":\"https:\\\/\\\/valaisfilmcommission.ch\\\/de\\\/ueber-uns\\\/#primaryimage\"},\"thumbnailUrl\":\"https:\\\/\\\/valaisfilmcommission.ch\\\/wp-content\\\/uploads\\\/2022\\\/07\\\/Actualie\u0301s_bandeau-du-haut-light.jpg\",\"datePublished\":\"2022-07-28T09:09:09+00:00\",\"dateModified\":\"2025-09-15T09:16:59+00:00\",\"description\":\"Die Valais Film Commission ist eine Struktur, die mit den f\u00fcr Kultur und Wirtschaft zust\u00e4ndigen Departementen des Kantons Wallis verbunden ist.\",\"breadcrumb\":{\"@id\":\"https:\\\/\\\/valaisfilmcommission.ch\\\/de\\\/ueber-uns\\\/#breadcrumb\"},\"inLanguage\":\"de\",\"potentialAction\":[{\"@type\":\"ReadAction\",\"target\":[\"https:\\\/\\\/valaisfilmcommission.ch\\\/de\\\/ueber-uns\\\/\"]}]},{\"@type\":\"ImageObject\",\"inLanguage\":\"de\",\"@id\":\"https:\\\/\\\/valaisfilmcommission.ch\\\/de\\\/ueber-uns\\\/#primaryimage\",\"url\":\"https:\\\/\\\/valaisfilmcommission.ch\\\/wp-content\\\/uploads\\\/2022\\\/07\\\/Actualie\u0301s_bandeau-du-haut-light.jpg\",\"contentUrl\":\"https:\\\/\\\/valaisfilmcommission.ch\\\/wp-content\\\/uploads\\\/2022\\\/07\\\/Actualie\u0301s_bandeau-du-haut-light.jpg\",\"width\":2100,\"height\":1389,\"caption\":\"Visuels produits avec la boite de production \u2018\u2019Pentam\u00e9dias\u2019\u2019 pour la Valais Film commission du Canton du Valais.. \u00a9Louis Dasseborne\"},{\"@type\":\"BreadcrumbList\",\"@id\":\"https:\\\/\\\/valaisfilmcommission.ch\\\/de\\\/ueber-uns\\\/#breadcrumb\",\"itemListElement\":[{\"@type\":\"ListItem\",\"position\":1,\"name\":\"Home\",\"item\":\"https:\\\/\\\/valaisfilmcommission.ch\\\/de\\\/\"},{\"@type\":\"ListItem\",\"position\":2,\"name\":\"\u00dcber uns\"}]},{\"@type\":\"WebSite\",\"@id\":\"https:\\\/\\\/valaisfilmcommission.ch\\\/de\\\/#website\",\"url\":\"https:\\\/\\\/valaisfilmcommission.ch\\\/de\\\/\",\"name\":\"Valais Film Commission\",\"description\":\"Soutien de l&#039;audiovisuel en Valais\",\"publisher\":{\"@id\":\"https:\\\/\\\/valaisfilmcommission.ch\\\/de\\\/#organization\"},\"potentialAction\":[{\"@type\":\"SearchAction\",\"target\":{\"@type\":\"EntryPoint\",\"urlTemplate\":\"https:\\\/\\\/valaisfilmcommission.ch\\\/de\\\/?s={search_term_string}\"},\"query-input\":{\"@type\":\"PropertyValueSpecification\",\"valueRequired\":true,\"valueName\":\"search_term_string\"}}],\"inLanguage\":\"de\"},{\"@type\":\"Organization\",\"@id\":\"https:\\\/\\\/valaisfilmcommission.ch\\\/de\\\/#organization\",\"name\":\"Valais Film Commission\",\"url\":\"https:\\\/\\\/valaisfilmcommission.ch\\\/de\\\/\",\"logo\":{\"@type\":\"ImageObject\",\"inLanguage\":\"de\",\"@id\":\"https:\\\/\\\/valaisfilmcommission.ch\\\/de\\\/#\\\/schema\\\/logo\\\/image\\\/\",\"url\":\"https:\\\/\\\/valaisfilmcommission.ch\\\/wp-content\\\/uploads\\\/2020\\\/07\\\/Valais_FR.svg\",\"contentUrl\":\"https:\\\/\\\/valaisfilmcommission.ch\\\/wp-content\\\/uploads\\\/2020\\\/07\\\/Valais_FR.svg\",\"width\":1,\"height\":1,\"caption\":\"Valais Film Commission\"},\"image\":{\"@id\":\"https:\\\/\\\/valaisfilmcommission.ch\\\/de\\\/#\\\/schema\\\/logo\\\/image\\\/\"},\"sameAs\":[\"https:\\\/\\\/x.com\\\/ValaisFilmCom\",\"https:\\\/\\\/www.instagram.com\\\/valaisfilmcommission\\\/\"]}]}<\/script>\n<!-- \/ Yoast SEO plugin. -->","yoast_head_json":{"title":"\u00dcber uns &#8211; Valais Film Commission","description":"Die Valais Film Commission ist eine Struktur, die mit den f\u00fcr Kultur und Wirtschaft zust\u00e4ndigen Departementen des Kantons Wallis verbunden ist.","robots":{"index":"index","follow":"follow","max-snippet":"max-snippet:-1","max-image-preview":"max-image-preview:large","max-video-preview":"max-video-preview:-1"},"canonical":"https:\/\/valaisfilmcommission.ch\/de\/ueber-uns\/","og_locale":"de_DE","og_type":"article","og_title":"\u00dcber uns &#8211; Valais Film Commission","og_description":"Die Valais Film Commission ist eine Struktur, die mit den f\u00fcr Kultur und Wirtschaft zust\u00e4ndigen Departementen des Kantons Wallis verbunden ist.","og_url":"https:\/\/valaisfilmcommission.ch\/de\/ueber-uns\/","og_site_name":"Valais Film Commission","article_modified_time":"2025-09-15T09:16:59+00:00","og_image":[{"width":2100,"height":1389,"url":"https:\/\/valaisfilmcommission.ch\/wp-content\/uploads\/2022\/07\/Actualie\u0301s_bandeau-du-haut-light.jpg","type":"image\/jpeg"}],"twitter_card":"summary_large_image","twitter_site":"@ValaisFilmCom","twitter_misc":{"Gesch\u00e4tzte Lesezeit":"2\u00a0Minuten"},"schema":{"@context":"https:\/\/schema.org","@graph":[{"@type":"WebPage","@id":"https:\/\/valaisfilmcommission.ch\/de\/ueber-uns\/","url":"https:\/\/valaisfilmcommission.ch\/de\/ueber-uns\/","name":"\u00dcber uns &#8211; Valais Film Commission","isPartOf":{"@id":"https:\/\/valaisfilmcommission.ch\/de\/#website"},"primaryImageOfPage":{"@id":"https:\/\/valaisfilmcommission.ch\/de\/ueber-uns\/#primaryimage"},"image":{"@id":"https:\/\/valaisfilmcommission.ch\/de\/ueber-uns\/#primaryimage"},"thumbnailUrl":"https:\/\/valaisfilmcommission.ch\/wp-content\/uploads\/2022\/07\/Actualie\u0301s_bandeau-du-haut-light.jpg","datePublished":"2022-07-28T09:09:09+00:00","dateModified":"2025-09-15T09:16:59+00:00","description":"Die Valais Film Commission ist eine Struktur, die mit den f\u00fcr Kultur und Wirtschaft zust\u00e4ndigen Departementen des Kantons Wallis verbunden ist.","breadcrumb":{"@id":"https:\/\/valaisfilmcommission.ch\/de\/ueber-uns\/#breadcrumb"},"inLanguage":"de","potentialAction":[{"@type":"ReadAction","target":["https:\/\/valaisfilmcommission.ch\/de\/ueber-uns\/"]}]},{"@type":"ImageObject","inLanguage":"de","@id":"https:\/\/valaisfilmcommission.ch\/de\/ueber-uns\/#primaryimage","url":"https:\/\/valaisfilmcommission.ch\/wp-content\/uploads\/2022\/07\/Actualie\u0301s_bandeau-du-haut-light.jpg","contentUrl":"https:\/\/valaisfilmcommission.ch\/wp-content\/uploads\/2022\/07\/Actualie\u0301s_bandeau-du-haut-light.jpg","width":2100,"height":1389,"caption":"Visuels produits avec la boite de production \u2018\u2019Pentam\u00e9dias\u2019\u2019 pour la Valais Film commission du Canton du Valais.. \u00a9Louis Dasseborne"},{"@type":"BreadcrumbList","@id":"https:\/\/valaisfilmcommission.ch\/de\/ueber-uns\/#breadcrumb","itemListElement":[{"@type":"ListItem","position":1,"name":"Home","item":"https:\/\/valaisfilmcommission.ch\/de\/"},{"@type":"ListItem","position":2,"name":"\u00dcber uns"}]},{"@type":"WebSite","@id":"https:\/\/valaisfilmcommission.ch\/de\/#website","url":"https:\/\/valaisfilmcommission.ch\/de\/","name":"Valais Film Commission","description":"Soutien de l&#039;audiovisuel en Valais","publisher":{"@id":"https:\/\/valaisfilmcommission.ch\/de\/#organization"},"potentialAction":[{"@type":"SearchAction","target":{"@type":"EntryPoint","urlTemplate":"https:\/\/valaisfilmcommission.ch\/de\/?s={search_term_string}"},"query-input":{"@type":"PropertyValueSpecification","valueRequired":true,"valueName":"search_term_string"}}],"inLanguage":"de"},{"@type":"Organization","@id":"https:\/\/valaisfilmcommission.ch\/de\/#organization","name":"Valais Film Commission","url":"https:\/\/valaisfilmcommission.ch\/de\/","logo":{"@type":"ImageObject","inLanguage":"de","@id":"https:\/\/valaisfilmcommission.ch\/de\/#\/schema\/logo\/image\/","url":"https:\/\/valaisfilmcommission.ch\/wp-content\/uploads\/2020\/07\/Valais_FR.svg","contentUrl":"https:\/\/valaisfilmcommission.ch\/wp-content\/uploads\/2020\/07\/Valais_FR.svg","width":1,"height":1,"caption":"Valais Film Commission"},"image":{"@id":"https:\/\/valaisfilmcommission.ch\/de\/#\/schema\/logo\/image\/"},"sameAs":["https:\/\/x.com\/ValaisFilmCom","https:\/\/www.instagram.com\/valaisfilmcommission\/"]}]}},"_links":{"self":[{"href":"https:\/\/valaisfilmcommission.ch\/de\/wp-json\/wp\/v2\/pages\/6841","targetHints":{"allow":["GET"]}}],"collection":[{"href":"https:\/\/valaisfilmcommission.ch\/de\/wp-json\/wp\/v2\/pages"}],"about":[{"href":"https:\/\/valaisfilmcommission.ch\/de\/wp-json\/wp\/v2\/types\/page"}],"author":[{"embeddable":true,"href":"https:\/\/valaisfilmcommission.ch\/de\/wp-json\/wp\/v2\/users\/1"}],"replies":[{"embeddable":true,"href":"https:\/\/valaisfilmcommission.ch\/de\/wp-json\/wp\/v2\/comments?post=6841"}],"version-history":[{"count":41,"href":"https:\/\/valaisfilmcommission.ch\/de\/wp-json\/wp\/v2\/pages\/6841\/revisions"}],"predecessor-version":[{"id":10679,"href":"https:\/\/valaisfilmcommission.ch\/de\/wp-json\/wp\/v2\/pages\/6841\/revisions\/10679"}],"wp:featuredmedia":[{"embeddable":true,"href":"https:\/\/valaisfilmcommission.ch\/de\/wp-json\/wp\/v2\/media\/6641"}],"wp:attachment":[{"href":"https:\/\/valaisfilmcommission.ch\/de\/wp-json\/wp\/v2\/media?parent=6841"}],"curies":[{"name":"wp","href":"https:\/\/api.w.org\/{rel}","templated":true}]}}